{"id":1101,"date":"2020-07-27T16:29:33","date_gmt":"2020-07-27T14:29:33","guid":{"rendered":"http:\/\/aucoeurdemanature.com\/?page_id=1101"},"modified":"2022-06-14T16:48:57","modified_gmt":"2022-06-14T14:48:57","slug":"bon-cadeau-carte-cadeau-naissance","status":"publish","type":"page","link":"http:\/\/aucoeurdemanature.com\/?page_id=1101","title":{"rendered":"Carte cadeau"},"content":{"rendered":"\t\t<div data-elementor-type=\"wp-page\" data-elementor-id=\"1101\" class=\"elementor elementor-1101\">\n\t\t\t\t\t\t<section class=\"elementor-section elementor-top-section elementor-element elementor-element-89ffcda elementor-section-boxed elementor-section-height-default elementor-section-height-default\" data-id=\"89ffcda\" data-element_type=\"section\" data-e-type=\"section\">\n\t\t\t\t\t\t<div class=\"elementor-container elementor-column-gap-default\">\n\t\t\t\t\t<div class=\"elementor-column elementor-col-100 elementor-top-column elementor-element elementor-element-be4b2b4\" data-id=\"be4b2b4\" data-element_type=\"column\" data-e-type=\"column\">\n\t\t\t<div class=\"elementor-widget-wrap\">\n\t\t\t\t\t\t\t<\/div>\n\t\t<\/div>\n\t\t\t\t\t<\/div>\n\t\t<\/section>\n\t\t\t\t<section class=\"elementor-section elementor-top-section elementor-element elementor-element-442f556 elementor-section-boxed elementor-section-height-default elementor-section-height-default\" data-id=\"442f556\" data-element_type=\"section\" data-e-type=\"section\">\n\t\t\t\t\t\t<div class=\"elementor-container elementor-column-gap-default\">\n\t\t\t\t\t<div class=\"elementor-column elementor-col-100 elementor-top-column elementor-element elementor-element-9dbfc4e\" data-id=\"9dbfc4e\" data-element_type=\"column\" data-e-type=\"column\">\n\t\t\t<div class=\"elementor-widget-wrap elementor-element-populated\">\n\t\t\t\t\t\t<div class=\"elementor-element elementor-element-ea6791d elementor-widget elementor-widget-text-editor\" data-id=\"ea6791d\" data-element_type=\"widget\" data-e-type=\"widget\" data-widget_type=\"text-editor.default\">\n\t\t\t\t<div class=\"elementor-widget-container\">\n\t\t\t\t\t\t\t\t\t<p>Offrez un atelier portage, un atelier massage b\u00e9b\u00e9, un atelier Signes avec b\u00e9b\u00e9 ou un soin gr\u00e2ce au bon cadeau.<\/p><p>Un cadeau original pour changer des doudous avec une activit\u00e9 pour la famille (portage, massage b\u00e9b\u00e9,signes avec b\u00e9b\u00e9) ou pour la maman avec le soin rebozo par exemple.\u00a0<span style=\"letter-spacing: 0px;\">Le cadeau id\u00e9al pour une naissance, la f\u00eate des m\u00e8res, la f\u00eate des p\u00e8res, no\u00ebl&#8230;<\/span><br \/><span style=\"letter-spacing: 0px;\">Vous ne savez pas quoi choisir entre un Bon Cadeau pour un atelier massage pour b\u00e9b\u00e9, un atelier de portage ou encore un soin Rebozo ? Vous choisissez le montant et la personne qui re\u00e7oit le cadeau choisit le ou les ateliers auxquels il souhaite participer. <\/span><\/p><p>\u00a0<\/p>\t\t\t\t\t\t\t\t<\/div>\n\t\t\t\t<\/div>\n\t\t\t\t\t<\/div>\n\t\t<\/div>\n\t\t\t\t\t<\/div>\n\t\t<\/section>\n\t\t\t\t<section class=\"elementor-section elementor-top-section elementor-element elementor-element-cb07cb9 elementor-section-boxed elementor-section-height-default elementor-section-height-default\" data-id=\"cb07cb9\" data-element_type=\"section\" data-e-type=\"section\">\n\t\t\t\t\t\t<div class=\"elementor-container elementor-column-gap-default\">\n\t\t\t\t\t<div class=\"elementor-column elementor-col-100 elementor-top-column elementor-element elementor-element-c3d983e\" data-id=\"c3d983e\" data-element_type=\"column\" data-e-type=\"column\">\n\t\t\t<div class=\"elementor-widget-wrap elementor-element-populated\">\n\t\t\t\t\t\t<div class=\"elementor-element elementor-element-ce9a869 elementor-widget elementor-widget-image\" data-id=\"ce9a869\" data-element_type=\"widget\" data-e-type=\"widget\" data-widget_type=\"image.default\">\n\t\t\t\t<div class=\"elementor-widget-container\">\n\t\t\t\t\t\t\t\t\t\t\t\t\t\t\t<img decoding=\"async\" src=\"http:\/\/aucoeurdemanature.com\/wp-content\/uploads\/elementor\/thumbs\/Carte-cadeau-Spe\u0301cimen-pqb2avlsi50esu9y33hgq34qa3y160dok46nai2htk.png\" title=\"Carte cadeau &#8211; Spe\u0301cimen\" alt=\"Carte cadeau - Spe\u0301cimen\" loading=\"lazy\" \/>\t\t\t\t\t\t\t\t\t\t\t\t\t\t\t<\/div>\n\t\t\t\t<\/div>\n\t\t\t\t\t<\/div>\n\t\t<\/div>\n\t\t\t\t\t<\/div>\n\t\t<\/section>\n\t\t\t\t<section class=\"elementor-section elementor-top-section elementor-element elementor-element-2bbfaa8 elementor-section-boxed elementor-section-height-default elementor-section-height-default\" data-id=\"2bbfaa8\" data-element_type=\"section\" data-e-type=\"section\">\n\t\t\t\t\t\t<div class=\"elementor-container elementor-column-gap-default\">\n\t\t\t\t\t<div class=\"elementor-column elementor-col-100 elementor-top-column elementor-element elementor-element-1c9877f\" data-id=\"1c9877f\" data-element_type=\"column\" data-e-type=\"column\">\n\t\t\t<div class=\"elementor-widget-wrap elementor-element-populated\">\n\t\t\t\t\t\t<div class=\"elementor-element elementor-element-a6d4d61 elementor-widget elementor-widget-text-editor\" data-id=\"a6d4d61\" data-element_type=\"widget\" data-e-type=\"widget\" data-widget_type=\"text-editor.default\">\n\t\t\t\t<div class=\"elementor-widget-container\">\n\t\t\t\t\t\t\t\t\t<p><strong>Envoi par mail \u00e0 r\u00e9ception du r\u00e8glement. <\/strong>La carte cadeau est<strong> valable 6<\/strong><strong> mois \u00e0 compter de la date d&rsquo;achat, elle n&rsquo;est pas remboursable. <\/strong>Remise en main propre sur rendez vous possible \u00e0 Lindry. <\/p><p>Les tarifs indiqu\u00e9s sont valables pour les prestations \u00e0 Lindry (89240).<\/p>\t\t\t\t\t\t\t\t<\/div>\n\t\t\t\t<\/div>\n\t\t\t\t\t<\/div>\n\t\t<\/div>\n\t\t\t\t\t<\/div>\n\t\t<\/section>\n\t\t\t\t<section class=\"elementor-section elementor-top-section elementor-element elementor-element-42b1a57 elementor-section-boxed elementor-section-height-default elementor-section-height-default\" data-id=\"42b1a57\" data-element_type=\"section\" data-e-type=\"section\">\n\t\t\t\t\t\t<div class=\"elementor-container elementor-column-gap-default\">\n\t\t\t\t\t<div class=\"elementor-column elementor-col-100 elementor-top-column elementor-element elementor-element-6fd482f\" data-id=\"6fd482f\" data-element_type=\"column\" data-e-type=\"column\">\n\t\t\t<div class=\"elementor-widget-wrap elementor-element-populated\">\n\t\t\t\t\t\t<div class=\"elementor-element elementor-element-1a5f0de elementor-widget elementor-widget-wp-widget-woocommerce_products\" data-id=\"1a5f0de\" data-element_type=\"widget\" data-e-type=\"widget\" data-widget_type=\"wp-widget-woocommerce_products.default\">\n\t\t\t\t<div class=\"elementor-widget-container\">\n\t\t\t\t\t<ul class=\"product_list_widget\"><li>\n\t\n\t<a href=\"http:\/\/aucoeurdemanature.com\/?product=carte-cadeau\">\n\t\t<img fetchpriority=\"high\" decoding=\"async\" width=\"300\" height=\"300\" src=\"http:\/\/aucoeurdemanature.com\/wp-content\/uploads\/2022\/05\/Carte-cadeau-Spe\u0301cimen-300x300.png\" class=\"attachment-woocommerce_thumbnail size-woocommerce_thumbnail\" alt=\"Carte cadeau\" srcset=\"http:\/\/aucoeurdemanature.com\/wp-content\/uploads\/2022\/05\/Carte-cadeau-Spe\u0301cimen-300x300.png 300w, http:\/\/aucoeurdemanature.com\/wp-content\/uploads\/2022\/05\/Carte-cadeau-Spe\u0301cimen-100x100.png 100w, http:\/\/aucoeurdemanature.com\/wp-content\/uploads\/2022\/05\/Carte-cadeau-Spe\u0301cimen-150x150.png 150w, http:\/\/aucoeurdemanature.com\/wp-content\/uploads\/2022\/05\/Carte-cadeau-Spe\u0301cimen-75x75.png 75w\" sizes=\"(max-width: 300px) 100vw, 300px\" \/>\t\t<span class=\"product-title\">Carte cadeau<\/span>\n\t<\/a>\n\n\t\t\t\t\n\t<span class=\"woocommerce-Price-amount amount\" aria-hidden=\"true\"><bdi>35,00&nbsp;<span class=\"woocommerce-Price-currencySymbol\">&euro;<\/span><\/bdi><\/span> <span aria-hidden=\"true\">\u00a0\u2013\u00a0<\/span> <span class=\"woocommerce-Price-amount amount\" aria-hidden=\"true\"><bdi>125,00&nbsp;<span class=\"woocommerce-Price-currencySymbol\">&euro;<\/span><\/bdi><\/span><span class=\"screen-reader-text\">Plage de prix\u00a0: 35,00&nbsp;&euro; \u00e0 125,00&nbsp;&euro;<\/span>\n\t<\/li>\n<li>\n\t\n\t<a href=\"http:\/\/aucoeurdemanature.com\/?product=carte-cadeau-montant-libre\">\n\t\t<img decoding=\"async\" width=\"300\" height=\"300\" src=\"http:\/\/aucoeurdemanature.com\/wp-content\/uploads\/2022\/05\/Carte-cadeau-Montant-Libre-300x300.png\" class=\"attachment-woocommerce_thumbnail size-woocommerce_thumbnail\" alt=\"Carte cadeau Montant libre\" srcset=\"http:\/\/aucoeurdemanature.com\/wp-content\/uploads\/2022\/05\/Carte-cadeau-Montant-Libre-300x300.png 300w, http:\/\/aucoeurdemanature.com\/wp-content\/uploads\/2022\/05\/Carte-cadeau-Montant-Libre-100x100.png 100w, http:\/\/aucoeurdemanature.com\/wp-content\/uploads\/2022\/05\/Carte-cadeau-Montant-Libre-150x150.png 150w, http:\/\/aucoeurdemanature.com\/wp-content\/uploads\/2022\/05\/Carte-cadeau-Montant-Libre-75x75.png 75w\" sizes=\"(max-width: 300px) 100vw, 300px\" \/>\t\t<span class=\"product-title\">Carte cadeau Montant libre<\/span>\n\t<\/a>\n\n\t\t\t\t\n\t<span class=\"woocommerce-Price-amount amount\" aria-hidden=\"true\"><bdi>10,00&nbsp;<span class=\"woocommerce-Price-currencySymbol\">&euro;<\/span><\/bdi><\/span> <span aria-hidden=\"true\">\u00a0\u2013\u00a0<\/span> <span class=\"woocommerce-Price-amount amount\" aria-hidden=\"true\"><bdi>200,00&nbsp;<span class=\"woocommerce-Price-currencySymbol\">&euro;<\/span><\/bdi><\/span><span class=\"screen-reader-text\">Plage de prix\u00a0: 10,00&nbsp;&euro; \u00e0 200,00&nbsp;&euro;<\/span>\n\t<\/li>\n<\/ul>\t\t\t\t<\/div>\n\t\t\t\t<\/div>\n\t\t\t\t\t<\/div>\n\t\t<\/div>\n\t\t\t\t\t<\/div>\n\t\t<\/section>\n\t\t\t\t<\/div>\n\t\t","protected":false},"excerpt":{"rendered":"<p>Offrez un atelier portage, un atelier massage b\u00e9b\u00e9, un atelier Signes avec b\u00e9b\u00e9 ou un soin gr\u00e2ce au bon cadeau. Un cadeau original pour changer des doudous avec une activit\u00e9 pour la famille (portage, massage b\u00e9b\u00e9,signes avec b\u00e9b\u00e9) ou pour la maman avec le soin rebozo par exemple.\u00a0Le cadeau id\u00e9al pour une naissance, la f\u00eate des m\u00e8res, la f\u00eate des p\u00e8res, no\u00ebl&#8230;Vous ne savez pas quoi choisir entre un Bon Cadeau pour un atelier massage pour b\u00e9b\u00e9, un atelier de portage ou encore un soin Rebozo ? Vous choisissez le montant et la personne qui re\u00e7oit le cadeau choisit le ou les ateliers auxquels il souhaite participer. \u00a0 Envoi par mail \u00e0 r\u00e9ception du r\u00e8glement. La carte cadeau est valable 6 mois \u00e0 compter de la date d&rsquo;achat, elle n&rsquo;est pas remboursable. Remise en main propre sur rendez vous possible \u00e0 Lindry. Les tarifs indiqu\u00e9s sont valables pour les prestations \u00e0 Lindry (89240).<\/p>\n","protected":false},"author":1,"featured_media":0,"parent":0,"menu_order":0,"comment_status":"closed","ping_status":"closed","template":"","meta":{"footnotes":""},"class_list":["post-1101","page","type-page","status-publish","hentry"],"yoast_head":"<!-- This site is optimized with the Yoast SEO plugin v27.2 - https:\/\/yoast.com\/product\/yoast-seo-wordpress\/ -->\n<title>Carte cadeau  cadeau de naissance Au coeur de ma nature<\/title>\n<meta name=\"description\" content=\"Carte cadeau pour offrir lors d&#039;un cadeau de naissance, f\u00eate des m\u00e8res, f\u00eate de p\u00e8re... La carte cadeau est valable 6 mois.\" \/>\n<meta name=\"robots\" content=\"index, follow, max-snippet:-1, max-image-preview:large, max-video-preview:-1\" \/>\n<link rel=\"canonical\" href=\"https:\/\/aucoeurdemanature.com\/?page_id=1101\" \/>\n<meta property=\"og:locale\" content=\"fr_FR\" \/>\n<meta property=\"og:type\" content=\"article\" \/>\n<meta property=\"og:title\" content=\"Carte cadeau  cadeau de naissance Au coeur de ma nature\" \/>\n<meta property=\"og:description\" content=\"Carte cadeau pour offrir lors d&#039;un cadeau de naissance, f\u00eate des m\u00e8res, f\u00eate de p\u00e8re... La carte cadeau est valable 6 mois.\" \/>\n<meta property=\"og:url\" content=\"https:\/\/aucoeurdemanature.com\/?page_id=1101\" \/>\n<meta property=\"og:site_name\" content=\"Au coeur de ma nature\" \/>\n<meta property=\"article:publisher\" content=\"https:\/\/www.facebook.com\/Aucoeurdemanature\" \/>\n<meta property=\"article:modified_time\" content=\"2022-06-14T14:48:57+00:00\" \/>\n<meta name=\"twitter:card\" content=\"summary_large_image\" \/>\n<meta name=\"twitter:label1\" content=\"Dur\u00e9e de lecture estim\u00e9e\" \/>\n\t<meta name=\"twitter:data1\" content=\"2 minutes\" \/>\n<script type=\"application\/ld+json\" class=\"yoast-schema-graph\">{\"@context\":\"https:\/\/schema.org\",\"@graph\":[{\"@type\":\"WebPage\",\"@id\":\"https:\/\/aucoeurdemanature.com\/?page_id=1101\",\"url\":\"https:\/\/aucoeurdemanature.com\/?page_id=1101\",\"name\":\"Carte cadeau cadeau de naissance Au coeur de ma nature\",\"isPartOf\":{\"@id\":\"http:\/\/aucoeurdemanature.com\/#website\"},\"datePublished\":\"2020-07-27T14:29:33+00:00\",\"dateModified\":\"2022-06-14T14:48:57+00:00\",\"description\":\"Carte cadeau pour offrir lors d'un cadeau de naissance, f\u00eate des m\u00e8res, f\u00eate de p\u00e8re... La carte cadeau est valable 6 mois.\",\"breadcrumb\":{\"@id\":\"https:\/\/aucoeurdemanature.com\/?page_id=1101#breadcrumb\"},\"inLanguage\":\"fr-FR\",\"potentialAction\":[{\"@type\":\"ReadAction\",\"target\":[\"https:\/\/aucoeurdemanature.com\/?page_id=1101\"]}]},{\"@type\":\"BreadcrumbList\",\"@id\":\"https:\/\/aucoeurdemanature.com\/?page_id=1101#breadcrumb\",\"itemListElement\":[{\"@type\":\"ListItem\",\"position\":1,\"name\":\"Accueil\",\"item\":\"http:\/\/aucoeurdemanature.com\/\"},{\"@type\":\"ListItem\",\"position\":2,\"name\":\"Carte cadeau\"}]},{\"@type\":\"WebSite\",\"@id\":\"http:\/\/aucoeurdemanature.com\/#website\",\"url\":\"http:\/\/aucoeurdemanature.com\/\",\"name\":\"Au coeur de ma nature\",\"description\":\"Au coeur de ma nature - Psychologue en p\u00e9rinatalit\u00e9, atelier parentalit\u00e9, et soins  - Yonne 89\",\"publisher\":{\"@id\":\"http:\/\/aucoeurdemanature.com\/#organization\"},\"potentialAction\":[{\"@type\":\"SearchAction\",\"target\":{\"@type\":\"EntryPoint\",\"urlTemplate\":\"http:\/\/aucoeurdemanature.com\/?s={search_term_string}\"},\"query-input\":{\"@type\":\"PropertyValueSpecification\",\"valueRequired\":true,\"valueName\":\"search_term_string\"}}],\"inLanguage\":\"fr-FR\"},{\"@type\":\"Organization\",\"@id\":\"http:\/\/aucoeurdemanature.com\/#organization\",\"name\":\"Au coeur de ma nature\",\"url\":\"http:\/\/aucoeurdemanature.com\/\",\"logo\":{\"@type\":\"ImageObject\",\"inLanguage\":\"fr-FR\",\"@id\":\"http:\/\/aucoeurdemanature.com\/#\/schema\/logo\/image\/\",\"url\":\"http:\/\/aucoeurdemanature.com\/wp-content\/uploads\/2019\/09\/Image-1-770x1024.jpg\",\"contentUrl\":\"http:\/\/aucoeurdemanature.com\/wp-content\/uploads\/2019\/09\/Image-1-770x1024.jpg\",\"width\":770,\"height\":1024,\"caption\":\"Au coeur de ma nature\"},\"image\":{\"@id\":\"http:\/\/aucoeurdemanature.com\/#\/schema\/logo\/image\/\"},\"sameAs\":[\"https:\/\/www.facebook.com\/Aucoeurdemanature\",\"https:\/\/www.instagram.com\/aucoeurdemanature\/?hl=fr\"]}]}<\/script>\n<!-- \/ Yoast SEO plugin. -->","yoast_head_json":{"title":"Carte cadeau  cadeau de naissance Au coeur de ma nature","description":"Carte cadeau pour offrir lors d'un cadeau de naissance, f\u00eate des m\u00e8res, f\u00eate de p\u00e8re... La carte cadeau est valable 6 mois.","robots":{"index":"index","follow":"follow","max-snippet":"max-snippet:-1","max-image-preview":"max-image-preview:large","max-video-preview":"max-video-preview:-1"},"canonical":"https:\/\/aucoeurdemanature.com\/?page_id=1101","og_locale":"fr_FR","og_type":"article","og_title":"Carte cadeau  cadeau de naissance Au coeur de ma nature","og_description":"Carte cadeau pour offrir lors d'un cadeau de naissance, f\u00eate des m\u00e8res, f\u00eate de p\u00e8re... La carte cadeau est valable 6 mois.","og_url":"https:\/\/aucoeurdemanature.com\/?page_id=1101","og_site_name":"Au coeur de ma nature","article_publisher":"https:\/\/www.facebook.com\/Aucoeurdemanature","article_modified_time":"2022-06-14T14:48:57+00:00","twitter_card":"summary_large_image","twitter_misc":{"Dur\u00e9e de lecture estim\u00e9e":"2 minutes"},"schema":{"@context":"https:\/\/schema.org","@graph":[{"@type":"WebPage","@id":"https:\/\/aucoeurdemanature.com\/?page_id=1101","url":"https:\/\/aucoeurdemanature.com\/?page_id=1101","name":"Carte cadeau cadeau de naissance Au coeur de ma nature","isPartOf":{"@id":"http:\/\/aucoeurdemanature.com\/#website"},"datePublished":"2020-07-27T14:29:33+00:00","dateModified":"2022-06-14T14:48:57+00:00","description":"Carte cadeau pour offrir lors d'un cadeau de naissance, f\u00eate des m\u00e8res, f\u00eate de p\u00e8re... La carte cadeau est valable 6 mois.","breadcrumb":{"@id":"https:\/\/aucoeurdemanature.com\/?page_id=1101#breadcrumb"},"inLanguage":"fr-FR","potentialAction":[{"@type":"ReadAction","target":["https:\/\/aucoeurdemanature.com\/?page_id=1101"]}]},{"@type":"BreadcrumbList","@id":"https:\/\/aucoeurdemanature.com\/?page_id=1101#breadcrumb","itemListElement":[{"@type":"ListItem","position":1,"name":"Accueil","item":"http:\/\/aucoeurdemanature.com\/"},{"@type":"ListItem","position":2,"name":"Carte cadeau"}]},{"@type":"WebSite","@id":"http:\/\/aucoeurdemanature.com\/#website","url":"http:\/\/aucoeurdemanature.com\/","name":"Au coeur de ma nature","description":"Au coeur de ma nature - Psychologue en p\u00e9rinatalit\u00e9, atelier parentalit\u00e9, et soins  - Yonne 89","publisher":{"@id":"http:\/\/aucoeurdemanature.com\/#organization"},"potentialAction":[{"@type":"SearchAction","target":{"@type":"EntryPoint","urlTemplate":"http:\/\/aucoeurdemanature.com\/?s={search_term_string}"},"query-input":{"@type":"PropertyValueSpecification","valueRequired":true,"valueName":"search_term_string"}}],"inLanguage":"fr-FR"},{"@type":"Organization","@id":"http:\/\/aucoeurdemanature.com\/#organization","name":"Au coeur de ma nature","url":"http:\/\/aucoeurdemanature.com\/","logo":{"@type":"ImageObject","inLanguage":"fr-FR","@id":"http:\/\/aucoeurdemanature.com\/#\/schema\/logo\/image\/","url":"http:\/\/aucoeurdemanature.com\/wp-content\/uploads\/2019\/09\/Image-1-770x1024.jpg","contentUrl":"http:\/\/aucoeurdemanature.com\/wp-content\/uploads\/2019\/09\/Image-1-770x1024.jpg","width":770,"height":1024,"caption":"Au coeur de ma nature"},"image":{"@id":"http:\/\/aucoeurdemanature.com\/#\/schema\/logo\/image\/"},"sameAs":["https:\/\/www.facebook.com\/Aucoeurdemanature","https:\/\/www.instagram.com\/aucoeurdemanature\/?hl=fr"]}]}},"_links":{"self":[{"href":"http:\/\/aucoeurdemanature.com\/index.php?rest_route=\/wp\/v2\/pages\/1101","targetHints":{"allow":["GET"]}}],"collection":[{"href":"http:\/\/aucoeurdemanature.com\/index.php?rest_route=\/wp\/v2\/pages"}],"about":[{"href":"http:\/\/aucoeurdemanature.com\/index.php?rest_route=\/wp\/v2\/types\/page"}],"author":[{"embeddable":true,"href":"http:\/\/aucoeurdemanature.com\/index.php?rest_route=\/wp\/v2\/users\/1"}],"replies":[{"embeddable":true,"href":"http:\/\/aucoeurdemanature.com\/index.php?rest_route=%2Fwp%2Fv2%2Fcomments&post=1101"}],"version-history":[{"count":88,"href":"http:\/\/aucoeurdemanature.com\/index.php?rest_route=\/wp\/v2\/pages\/1101\/revisions"}],"predecessor-version":[{"id":3217,"href":"http:\/\/aucoeurdemanature.com\/index.php?rest_route=\/wp\/v2\/pages\/1101\/revisions\/3217"}],"wp:attachment":[{"href":"http:\/\/aucoeurdemanature.com\/index.php?rest_route=%2Fwp%2Fv2%2Fmedia&parent=1101"}],"curies":[{"name":"wp","href":"https:\/\/api.w.org\/{rel}","templated":true}]}}