{"id":2884,"date":"2022-05-13T00:07:14","date_gmt":"2022-05-12T22:07:14","guid":{"rendered":"http:\/\/aucoeurdemanature.com\/?post_type=product&#038;p=2884"},"modified":"2026-02-17T06:37:56","modified_gmt":"2026-02-17T05:37:56","slug":"carte-cadeau","status":"publish","type":"product","link":"http:\/\/aucoeurdemanature.com\/?product=carte-cadeau","title":{"rendered":"Carte cadeau"},"content":{"rendered":"","protected":false},"excerpt":{"rendered":"<p>Choisissez votre carte cadeau. La carte cadeau est valable 6 mois \u00e0 compter de la date d&rsquo;achat, elle n&rsquo;est pas remboursable.<\/p>\n<p><strong>Lors de la finalisation de votre commande<\/strong>, pour la r\u00e9alisation de votre carte cadeau, veuillez indiquer les informations suivantes dans le champ \u00abInformations compl\u00e9mentaires\u00bb :<\/p>\n<ul>\n<li>Offert \u00e0 (Nom et Pr\u00e9nom),<\/li>\n<li>De la part de (Nom et Pr\u00e9nom),<\/li>\n<li>L\u2019adresse email \u00e0 laquelle vous souhaitez que la carte soit envoy\u00e9e<\/li>\n<\/ul>\n<p>&nbsp;<\/p>\n","protected":false},"featured_media":3213,"template":"","meta":[],"product_brand":[],"product_cat":[24],"product_tag":[],"class_list":{"0":"post-2884","1":"product","2":"type-product","3":"status-publish","4":"has-post-thumbnail","6":"product_cat-carte-cadeau","8":"first","9":"instock","10":"shipping-taxable","11":"purchasable","12":"product-type-variable"},"yoast_head":"<!-- This site is optimized with the Yoast SEO plugin v27.6 - https:\/\/yoast.com\/product\/yoast-seo-wordpress\/ -->\n<title>Carte cadeau - Au coeur de ma nature<\/title>\n<meta name=\"robots\" content=\"index, follow, max-snippet:-1, max-image-preview:large, max-video-preview:-1\" \/>\n<link rel=\"canonical\" href=\"http:\/\/aucoeurdemanature.com\/?product=carte-cadeau\" \/>\n<meta property=\"og:locale\" content=\"fr_FR\" \/>\n<meta property=\"og:type\" content=\"article\" \/>\n<meta property=\"og:title\" content=\"Carte cadeau - Au coeur de ma nature\" \/>\n<meta property=\"og:description\" content=\"Choisissez votre carte cadeau. La carte cadeau est valable 6 mois \u00e0 compter de la date d&#039;achat, elle n&#039;est pas remboursable.  Lors de la finalisation de votre commande, pour la r\u00e9alisation de votre carte cadeau, veuillez indiquer les informations suivantes dans le champ \u00abInformations compl\u00e9mentaires\u00bb :   Offert \u00e0 (Nom et Pr\u00e9nom),  De la part de (Nom et Pr\u00e9nom),  L\u2019adresse email \u00e0 laquelle vous souhaitez que la carte soit envoy\u00e9e  &nbsp;\" \/>\n<meta property=\"og:url\" content=\"http:\/\/aucoeurdemanature.com\/?product=carte-cadeau\" \/>\n<meta property=\"og:site_name\" content=\"Au coeur de ma nature\" \/>\n<meta property=\"article:publisher\" content=\"https:\/\/www.facebook.com\/Aucoeurdemanature\" \/>\n<meta property=\"article:modified_time\" content=\"2026-02-17T05:37:56+00:00\" \/>\n<meta property=\"og:image\" content=\"http:\/\/aucoeurdemanature.com\/wp-content\/uploads\/2022\/05\/Carte-cadeau-Spe\u0301cimen.png\" \/>\n\t<meta property=\"og:image:width\" content=\"597\" \/>\n\t<meta property=\"og:image:height\" content=\"374\" \/>\n\t<meta property=\"og:image:type\" content=\"image\/png\" \/>\n<meta name=\"twitter:card\" content=\"summary_large_image\" \/>\n<meta name=\"twitter:label1\" content=\"Dur\u00e9e de lecture estim\u00e9e\" \/>\n\t<meta name=\"twitter:data1\" content=\"1 minute\" \/>\n<script type=\"application\/ld+json\" class=\"yoast-schema-graph\">{\"@context\":\"https:\\\/\\\/schema.org\",\"@graph\":[{\"@type\":\"WebPage\",\"@id\":\"http:\\\/\\\/aucoeurdemanature.com\\\/?product=carte-cadeau\",\"url\":\"http:\\\/\\\/aucoeurdemanature.com\\\/?product=carte-cadeau\",\"name\":\"Carte cadeau - Au coeur de ma nature\",\"isPartOf\":{\"@id\":\"http:\\\/\\\/aucoeurdemanature.com\\\/#website\"},\"primaryImageOfPage\":{\"@id\":\"http:\\\/\\\/aucoeurdemanature.com\\\/?product=carte-cadeau#primaryimage\"},\"image\":{\"@id\":\"http:\\\/\\\/aucoeurdemanature.com\\\/?product=carte-cadeau#primaryimage\"},\"thumbnailUrl\":\"http:\\\/\\\/aucoeurdemanature.com\\\/wp-content\\\/uploads\\\/2022\\\/05\\\/Carte-cadeau-Spe\u0301cimen.png\",\"datePublished\":\"2022-05-12T22:07:14+00:00\",\"dateModified\":\"2026-02-17T05:37:56+00:00\",\"breadcrumb\":{\"@id\":\"http:\\\/\\\/aucoeurdemanature.com\\\/?product=carte-cadeau#breadcrumb\"},\"inLanguage\":\"fr-FR\",\"potentialAction\":[{\"@type\":\"ReadAction\",\"target\":[\"http:\\\/\\\/aucoeurdemanature.com\\\/?product=carte-cadeau\"]}]},{\"@type\":\"ImageObject\",\"inLanguage\":\"fr-FR\",\"@id\":\"http:\\\/\\\/aucoeurdemanature.com\\\/?product=carte-cadeau#primaryimage\",\"url\":\"http:\\\/\\\/aucoeurdemanature.com\\\/wp-content\\\/uploads\\\/2022\\\/05\\\/Carte-cadeau-Spe\u0301cimen.png\",\"contentUrl\":\"http:\\\/\\\/aucoeurdemanature.com\\\/wp-content\\\/uploads\\\/2022\\\/05\\\/Carte-cadeau-Spe\u0301cimen.png\",\"width\":597,\"height\":374},{\"@type\":\"BreadcrumbList\",\"@id\":\"http:\\\/\\\/aucoeurdemanature.com\\\/?product=carte-cadeau#breadcrumb\",\"itemListElement\":[{\"@type\":\"ListItem\",\"position\":1,\"name\":\"Accueil\",\"item\":\"http:\\\/\\\/aucoeurdemanature.com\\\/\"},{\"@type\":\"ListItem\",\"position\":2,\"name\":\"Boutique\",\"item\":\"http:\\\/\\\/aucoeurdemanature.com\\\/?page_id=2809\"},{\"@type\":\"ListItem\",\"position\":3,\"name\":\"Carte cadeau\"}]},{\"@type\":\"WebSite\",\"@id\":\"http:\\\/\\\/aucoeurdemanature.com\\\/#website\",\"url\":\"http:\\\/\\\/aucoeurdemanature.com\\\/\",\"name\":\"Au coeur de ma nature\",\"description\":\"Au coeur de ma nature - Psychologue en p\u00e9rinatalit\u00e9, atelier parentalit\u00e9, et soins  - Yonne 89\",\"publisher\":{\"@id\":\"http:\\\/\\\/aucoeurdemanature.com\\\/#organization\"},\"potentialAction\":[{\"@type\":\"SearchAction\",\"target\":{\"@type\":\"EntryPoint\",\"urlTemplate\":\"http:\\\/\\\/aucoeurdemanature.com\\\/?s={search_term_string}\"},\"query-input\":{\"@type\":\"PropertyValueSpecification\",\"valueRequired\":true,\"valueName\":\"search_term_string\"}}],\"inLanguage\":\"fr-FR\"},{\"@type\":\"Organization\",\"@id\":\"http:\\\/\\\/aucoeurdemanature.com\\\/#organization\",\"name\":\"Au coeur de ma nature\",\"url\":\"http:\\\/\\\/aucoeurdemanature.com\\\/\",\"logo\":{\"@type\":\"ImageObject\",\"inLanguage\":\"fr-FR\",\"@id\":\"http:\\\/\\\/aucoeurdemanature.com\\\/#\\\/schema\\\/logo\\\/image\\\/\",\"url\":\"http:\\\/\\\/aucoeurdemanature.com\\\/wp-content\\\/uploads\\\/2019\\\/09\\\/Image-1-770x1024.jpg\",\"contentUrl\":\"http:\\\/\\\/aucoeurdemanature.com\\\/wp-content\\\/uploads\\\/2019\\\/09\\\/Image-1-770x1024.jpg\",\"width\":770,\"height\":1024,\"caption\":\"Au coeur de ma nature\"},\"image\":{\"@id\":\"http:\\\/\\\/aucoeurdemanature.com\\\/#\\\/schema\\\/logo\\\/image\\\/\"},\"sameAs\":[\"https:\\\/\\\/www.facebook.com\\\/Aucoeurdemanature\",\"https:\\\/\\\/www.instagram.com\\\/aucoeurdemanature\\\/?hl=fr\"]}]}<\/script>\n<!-- \/ Yoast SEO plugin. -->","yoast_head_json":{"title":"Carte cadeau - Au coeur de ma nature","robots":{"index":"index","follow":"follow","max-snippet":"max-snippet:-1","max-image-preview":"max-image-preview:large","max-video-preview":"max-video-preview:-1"},"canonical":"http:\/\/aucoeurdemanature.com\/?product=carte-cadeau","og_locale":"fr_FR","og_type":"article","og_title":"Carte cadeau - Au coeur de ma nature","og_description":"Choisissez votre carte cadeau. La carte cadeau est valable 6 mois \u00e0 compter de la date d'achat, elle n'est pas remboursable.  Lors de la finalisation de votre commande, pour la r\u00e9alisation de votre carte cadeau, veuillez indiquer les informations suivantes dans le champ \u00abInformations compl\u00e9mentaires\u00bb :   Offert \u00e0 (Nom et Pr\u00e9nom),  De la part de (Nom et Pr\u00e9nom),  L\u2019adresse email \u00e0 laquelle vous souhaitez que la carte soit envoy\u00e9e  &nbsp;","og_url":"http:\/\/aucoeurdemanature.com\/?product=carte-cadeau","og_site_name":"Au coeur de ma nature","article_publisher":"https:\/\/www.facebook.com\/Aucoeurdemanature","article_modified_time":"2026-02-17T05:37:56+00:00","og_image":[{"width":597,"height":374,"url":"http:\/\/aucoeurdemanature.com\/wp-content\/uploads\/2022\/05\/Carte-cadeau-Spe\u0301cimen.png","type":"image\/png"}],"twitter_card":"summary_large_image","twitter_misc":{"Dur\u00e9e de lecture estim\u00e9e":"1 minute"},"schema":{"@context":"https:\/\/schema.org","@graph":[{"@type":"WebPage","@id":"http:\/\/aucoeurdemanature.com\/?product=carte-cadeau","url":"http:\/\/aucoeurdemanature.com\/?product=carte-cadeau","name":"Carte cadeau - Au coeur de ma nature","isPartOf":{"@id":"http:\/\/aucoeurdemanature.com\/#website"},"primaryImageOfPage":{"@id":"http:\/\/aucoeurdemanature.com\/?product=carte-cadeau#primaryimage"},"image":{"@id":"http:\/\/aucoeurdemanature.com\/?product=carte-cadeau#primaryimage"},"thumbnailUrl":"http:\/\/aucoeurdemanature.com\/wp-content\/uploads\/2022\/05\/Carte-cadeau-Spe\u0301cimen.png","datePublished":"2022-05-12T22:07:14+00:00","dateModified":"2026-02-17T05:37:56+00:00","breadcrumb":{"@id":"http:\/\/aucoeurdemanature.com\/?product=carte-cadeau#breadcrumb"},"inLanguage":"fr-FR","potentialAction":[{"@type":"ReadAction","target":["http:\/\/aucoeurdemanature.com\/?product=carte-cadeau"]}]},{"@type":"ImageObject","inLanguage":"fr-FR","@id":"http:\/\/aucoeurdemanature.com\/?product=carte-cadeau#primaryimage","url":"http:\/\/aucoeurdemanature.com\/wp-content\/uploads\/2022\/05\/Carte-cadeau-Spe\u0301cimen.png","contentUrl":"http:\/\/aucoeurdemanature.com\/wp-content\/uploads\/2022\/05\/Carte-cadeau-Spe\u0301cimen.png","width":597,"height":374},{"@type":"BreadcrumbList","@id":"http:\/\/aucoeurdemanature.com\/?product=carte-cadeau#breadcrumb","itemListElement":[{"@type":"ListItem","position":1,"name":"Accueil","item":"http:\/\/aucoeurdemanature.com\/"},{"@type":"ListItem","position":2,"name":"Boutique","item":"http:\/\/aucoeurdemanature.com\/?page_id=2809"},{"@type":"ListItem","position":3,"name":"Carte cadeau"}]},{"@type":"WebSite","@id":"http:\/\/aucoeurdemanature.com\/#website","url":"http:\/\/aucoeurdemanature.com\/","name":"Au coeur de ma nature","description":"Au coeur de ma nature - Psychologue en p\u00e9rinatalit\u00e9, atelier parentalit\u00e9, et soins  - Yonne 89","publisher":{"@id":"http:\/\/aucoeurdemanature.com\/#organization"},"potentialAction":[{"@type":"SearchAction","target":{"@type":"EntryPoint","urlTemplate":"http:\/\/aucoeurdemanature.com\/?s={search_term_string}"},"query-input":{"@type":"PropertyValueSpecification","valueRequired":true,"valueName":"search_term_string"}}],"inLanguage":"fr-FR"},{"@type":"Organization","@id":"http:\/\/aucoeurdemanature.com\/#organization","name":"Au coeur de ma nature","url":"http:\/\/aucoeurdemanature.com\/","logo":{"@type":"ImageObject","inLanguage":"fr-FR","@id":"http:\/\/aucoeurdemanature.com\/#\/schema\/logo\/image\/","url":"http:\/\/aucoeurdemanature.com\/wp-content\/uploads\/2019\/09\/Image-1-770x1024.jpg","contentUrl":"http:\/\/aucoeurdemanature.com\/wp-content\/uploads\/2019\/09\/Image-1-770x1024.jpg","width":770,"height":1024,"caption":"Au coeur de ma nature"},"image":{"@id":"http:\/\/aucoeurdemanature.com\/#\/schema\/logo\/image\/"},"sameAs":["https:\/\/www.facebook.com\/Aucoeurdemanature","https:\/\/www.instagram.com\/aucoeurdemanature\/?hl=fr"]}]}},"_links":{"self":[{"href":"http:\/\/aucoeurdemanature.com\/index.php?rest_route=\/wp\/v2\/product\/2884","targetHints":{"allow":["GET"]}}],"collection":[{"href":"http:\/\/aucoeurdemanature.com\/index.php?rest_route=\/wp\/v2\/product"}],"about":[{"href":"http:\/\/aucoeurdemanature.com\/index.php?rest_route=\/wp\/v2\/types\/product"}],"wp:featuredmedia":[{"embeddable":true,"href":"http:\/\/aucoeurdemanature.com\/index.php?rest_route=\/wp\/v2\/media\/3213"}],"wp:attachment":[{"href":"http:\/\/aucoeurdemanature.com\/index.php?rest_route=%2Fwp%2Fv2%2Fmedia&parent=2884"}],"wp:term":[{"taxonomy":"product_brand","embeddable":true,"href":"http:\/\/aucoeurdemanature.com\/index.php?rest_route=%2Fwp%2Fv2%2Fproduct_brand&post=2884"},{"taxonomy":"product_cat","embeddable":true,"href":"http:\/\/aucoeurdemanature.com\/index.php?rest_route=%2Fwp%2Fv2%2Fproduct_cat&post=2884"},{"taxonomy":"product_tag","embeddable":true,"href":"http:\/\/aucoeurdemanature.com\/index.php?rest_route=%2Fwp%2Fv2%2Fproduct_tag&post=2884"}],"curies":[{"name":"wp","href":"https:\/\/api.w.org\/{rel}","templated":true}]}}