{"id":1093,"date":"2020-07-27T16:24:44","date_gmt":"2020-07-27T14:24:44","guid":{"rendered":"http:\/\/aucoeurdemanature.com\/?page_id=1093"},"modified":"2021-04-16T17:44:07","modified_gmt":"2021-04-16T15:44:07","slug":"location","status":"publish","type":"page","link":"https:\/\/aucoeurdemanature.com\/?page_id=1093","title":{"rendered":"Location"},"content":{"rendered":"\t\t<div data-elementor-type=\"wp-page\" data-elementor-id=\"1093\" class=\"elementor elementor-1093\">\n\t\t\t\t\t\t<section class=\"elementor-section elementor-top-section elementor-element elementor-element-a891804 elementor-section-boxed elementor-section-height-default elementor-section-height-default\" data-id=\"a891804\" data-element_type=\"section\" data-e-type=\"section\">\n\t\t\t\t\t\t<div class=\"elementor-container elementor-column-gap-default\">\n\t\t\t\t\t<div class=\"elementor-column elementor-col-100 elementor-top-column elementor-element elementor-element-d63d990\" data-id=\"d63d990\" data-element_type=\"column\" data-e-type=\"column\">\n\t\t\t<div class=\"elementor-widget-wrap elementor-element-populated\">\n\t\t\t\t\t\t<div class=\"elementor-element elementor-element-22f0687 elementor-widget elementor-widget-heading\" data-id=\"22f0687\" data-element_type=\"widget\" data-e-type=\"widget\" data-widget_type=\"heading.default\">\n\t\t\t\t<div class=\"elementor-widget-container\">\n\t\t\t\t\t<h2 class=\"elementor-heading-title elementor-size-medium\">Location de moyen de portage<\/h2>\t\t\t\t<\/div>\n\t\t\t\t<\/div>\n\t\t\t\t\t<\/div>\n\t\t<\/div>\n\t\t\t\t\t<\/div>\n\t\t<\/section>\n\t\t\t\t<section class=\"elementor-section elementor-top-section elementor-element elementor-element-8075e41 elementor-section-boxed elementor-section-height-default elementor-section-height-default\" data-id=\"8075e41\" data-element_type=\"section\" data-e-type=\"section\">\n\t\t\t\t\t\t<div class=\"elementor-container elementor-column-gap-default\">\n\t\t\t\t\t<div class=\"elementor-column elementor-col-50 elementor-top-column elementor-element elementor-element-63dade9\" data-id=\"63dade9\" data-element_type=\"column\" data-e-type=\"column\">\n\t\t\t<div class=\"elementor-widget-wrap elementor-element-populated\">\n\t\t\t\t\t\t<div class=\"elementor-element elementor-element-dc37247 elementor-widget elementor-widget-image\" data-id=\"dc37247\" data-element_type=\"widget\" data-e-type=\"widget\" data-widget_type=\"image.default\">\n\t\t\t\t<div class=\"elementor-widget-container\">\n\t\t\t\t\t\t\t\t\t\t\t\t\t\t\t<img decoding=\"async\" width=\"138\" height=\"138\" src=\"https:\/\/aucoeurdemanature.com\/wp-content\/uploads\/2019\/09\/location.jpg\" class=\"attachment-medium size-medium wp-image-161\" alt=\"\" srcset=\"https:\/\/aucoeurdemanature.com\/wp-content\/uploads\/2019\/09\/location.jpg 138w, https:\/\/aucoeurdemanature.com\/wp-content\/uploads\/2019\/09\/location-100x100.jpg 100w, https:\/\/aucoeurdemanature.com\/wp-content\/uploads\/2019\/09\/location-75x75.jpg 75w\" sizes=\"(max-width: 138px) 100vw, 138px\" \/>\t\t\t\t\t\t\t\t\t\t\t\t\t\t\t<\/div>\n\t\t\t\t<\/div>\n\t\t\t\t\t<\/div>\n\t\t<\/div>\n\t\t\t\t<div class=\"elementor-column elementor-col-50 elementor-top-column elementor-element elementor-element-c8da3ce\" data-id=\"c8da3ce\" data-element_type=\"column\" data-e-type=\"column\">\n\t\t\t<div class=\"elementor-widget-wrap elementor-element-populated\">\n\t\t\t\t\t\t<div class=\"elementor-element elementor-element-703496c elementor-widget elementor-widget-text-editor\" data-id=\"703496c\" data-element_type=\"widget\" data-e-type=\"widget\" data-widget_type=\"text-editor.default\">\n\t\t\t\t<div class=\"elementor-widget-container\">\n\t\t\t\t\t\t\t\t\t<p>Pour tester avant d&rsquo;acheter ou pour vos vacances, rien de plus simple que la location d&rsquo;un porte b\u00e9b\u00e9.<\/p>\n<p>Tarif : 7\u20ac par semaine + ch\u00e8que de caution.<\/p>\t\t\t\t\t\t\t\t<\/div>\n\t\t\t\t<\/div>\n\t\t\t\t\t<\/div>\n\t\t<\/div>\n\t\t\t\t\t<\/div>\n\t\t<\/section>\n\t\t\t\t<section class=\"elementor-section elementor-top-section elementor-element elementor-element-7255b93 elementor-section-boxed elementor-section-height-default elementor-section-height-default\" data-id=\"7255b93\" data-element_type=\"section\" data-e-type=\"section\">\n\t\t\t\t\t\t<div class=\"elementor-container elementor-column-gap-default\">\n\t\t\t\t\t<div class=\"elementor-column elementor-col-100 elementor-top-column elementor-element elementor-element-53fd006\" data-id=\"53fd006\" data-element_type=\"column\" data-e-type=\"column\">\n\t\t\t<div class=\"elementor-widget-wrap elementor-element-populated\">\n\t\t\t\t\t\t<div class=\"elementor-element elementor-element-50ecf3b elementor-widget elementor-widget-heading\" data-id=\"50ecf3b\" data-element_type=\"widget\" data-e-type=\"widget\" data-widget_type=\"heading.default\">\n\t\t\t\t<div class=\"elementor-widget-container\">\n\t\t\t\t\t<h2 class=\"elementor-heading-title elementor-size-medium\">Location de moyen de portage de l'Association \u00e0 petit pas <\/h2>\t\t\t\t<\/div>\n\t\t\t\t<\/div>\n\t\t\t\t\t<\/div>\n\t\t<\/div>\n\t\t\t\t\t<\/div>\n\t\t<\/section>\n\t\t\t\t<section class=\"elementor-section elementor-top-section elementor-element elementor-element-3164e07 elementor-section-boxed elementor-section-height-default elementor-section-height-default\" data-id=\"3164e07\" data-element_type=\"section\" data-e-type=\"section\">\n\t\t\t\t\t\t<div class=\"elementor-container elementor-column-gap-default\">\n\t\t\t\t\t<div class=\"elementor-column elementor-col-50 elementor-top-column elementor-element elementor-element-9e7ed40\" data-id=\"9e7ed40\" data-element_type=\"column\" data-e-type=\"column\">\n\t\t\t<div class=\"elementor-widget-wrap elementor-element-populated\">\n\t\t\t\t\t\t<div class=\"elementor-element elementor-element-8523dc5 elementor-widget elementor-widget-image\" data-id=\"8523dc5\" data-element_type=\"widget\" data-e-type=\"widget\" data-widget_type=\"image.default\">\n\t\t\t\t<div class=\"elementor-widget-container\">\n\t\t\t\t\t\t\t\t\t\t\t\t\t\t\t<img decoding=\"async\" width=\"150\" height=\"150\" src=\"https:\/\/aucoeurdemanature.com\/wp-content\/uploads\/2019\/11\/logo-a-petit-pas-150x150.jpg\" class=\"attachment-thumbnail size-thumbnail wp-image-743\" alt=\"\" srcset=\"https:\/\/aucoeurdemanature.com\/wp-content\/uploads\/2019\/11\/logo-a-petit-pas-150x150.jpg 150w, https:\/\/aucoeurdemanature.com\/wp-content\/uploads\/2019\/11\/logo-a-petit-pas-100x100.jpg 100w, https:\/\/aucoeurdemanature.com\/wp-content\/uploads\/2019\/11\/logo-a-petit-pas-75x75.jpg 75w\" sizes=\"(max-width: 150px) 100vw, 150px\" \/>\t\t\t\t\t\t\t\t\t\t\t\t\t\t\t<\/div>\n\t\t\t\t<\/div>\n\t\t\t\t\t<\/div>\n\t\t<\/div>\n\t\t\t\t<div class=\"elementor-column elementor-col-50 elementor-top-column elementor-element elementor-element-9c409b0\" data-id=\"9c409b0\" data-element_type=\"column\" data-e-type=\"column\">\n\t\t\t<div class=\"elementor-widget-wrap elementor-element-populated\">\n\t\t\t\t\t\t<div class=\"elementor-element elementor-element-784e8ac elementor-widget elementor-widget-text-editor\" data-id=\"784e8ac\" data-element_type=\"widget\" data-e-type=\"widget\" data-widget_type=\"text-editor.default\">\n\t\t\t\t<div class=\"elementor-widget-container\">\n\t\t\t\t\t\t\t\t\t<p>Tarif : 5\u20ac les 15 jours + 5\u20ac d&rsquo;adh\u00e9sion \u00e0 l&rsquo;association A petits pas c&rsquo;est moi que voil\u00e0 et ch\u00e8que de caution.\u00a0<\/p>\t\t\t\t\t\t\t\t<\/div>\n\t\t\t\t<\/div>\n\t\t\t\t\t<\/div>\n\t\t<\/div>\n\t\t\t\t\t<\/div>\n\t\t<\/section>\n\t\t\t\t<section class=\"elementor-section elementor-top-section elementor-element elementor-element-287ab96 elementor-section-boxed elementor-section-height-default elementor-section-height-default\" data-id=\"287ab96\" data-element_type=\"section\" data-e-type=\"section\">\n\t\t\t\t\t\t<div class=\"elementor-container elementor-column-gap-default\">\n\t\t\t\t\t<div class=\"elementor-column elementor-col-100 elementor-top-column elementor-element elementor-element-71981f4\" data-id=\"71981f4\" data-element_type=\"column\" data-e-type=\"column\">\n\t\t\t<div class=\"elementor-widget-wrap\">\n\t\t\t\t\t\t\t<\/div>\n\t\t<\/div>\n\t\t\t\t\t<\/div>\n\t\t<\/section>\n\t\t\t\t<section class=\"elementor-section elementor-top-section elementor-element elementor-element-c6d4327 elementor-section-boxed elementor-section-height-default elementor-section-height-default\" data-id=\"c6d4327\" data-element_type=\"section\" data-e-type=\"section\">\n\t\t\t\t\t\t<div class=\"elementor-container elementor-column-gap-default\">\n\t\t\t\t\t<div class=\"elementor-column elementor-col-100 elementor-top-column elementor-element elementor-element-7625855\" data-id=\"7625855\" data-element_type=\"column\" data-e-type=\"column\">\n\t\t\t<div class=\"elementor-widget-wrap elementor-element-populated\">\n\t\t\t\t\t\t<div class=\"elementor-element elementor-element-385b811 elementor-align-center elementor-widget elementor-widget-button\" data-id=\"385b811\" data-element_type=\"widget\" data-e-type=\"widget\" data-widget_type=\"button.default\">\n\t\t\t\t<div class=\"elementor-widget-container\">\n\t\t\t\t\t\t\t\t\t<div class=\"elementor-button-wrapper\">\n\t\t\t\t\t<a class=\"elementor-button elementor-button-link elementor-size-sm\" href=\"http:\/\/aucoeurdemanature.com\/?page_id=710\" id=\"http:\/\/aucoeurdemanature.com\/?page_id=710\">\n\t\t\t\t\t\t<span class=\"elementor-button-content-wrapper\">\n\t\t\t\t\t\t\t\t\t<span class=\"elementor-button-text\">Porte b\u00e9b\u00e9th\u00e8que<\/span>\n\t\t\t\t\t<\/span>\n\t\t\t\t\t<\/a>\n\t\t\t\t<\/div>\n\t\t\t\t\t\t\t\t<\/div>\n\t\t\t\t<\/div>\n\t\t\t\t\t<\/div>\n\t\t<\/div>\n\t\t\t\t\t<\/div>\n\t\t<\/section>\n\t\t\t\t<\/div>\n\t\t","protected":false},"excerpt":{"rendered":"<p>Location de moyen de portage Pour tester avant d&rsquo;acheter ou pour vos vacances, rien de plus simple que la location d&rsquo;un porte b\u00e9b\u00e9. Tarif : 7\u20ac par semaine + ch\u00e8que de caution. Location de moyen de portage de l&rsquo;Association \u00e0 petit pas Tarif : 5\u20ac les 15 jours + 5\u20ac d&rsquo;adh\u00e9sion \u00e0 l&rsquo;association A petits pas c&rsquo;est moi que voil\u00e0 et ch\u00e8que de caution.&nbsp; Porte b\u00e9b\u00e9th\u00e8que<\/p>\n","protected":false},"author":1,"featured_media":0,"parent":0,"menu_order":0,"comment_status":"closed","ping_status":"closed","template":"","meta":{"footnotes":""},"class_list":["post-1093","page","type-page","status-publish","hentry"],"yoast_head":"<!-- This site is optimized with the Yoast SEO plugin v27.2 - https:\/\/yoast.com\/product\/yoast-seo-wordpress\/ -->\n<title>Location moyen de portage Au coeur de ma nature<\/title>\n<meta name=\"description\" content=\"Location de moyen de portage (\u00e9charpe, porte b\u00e9b\u00e9, sling...) \u00e0 la semaine pour tester avant d\u2019acheter ou pour les vacances.\" \/>\n<meta name=\"robots\" content=\"index, follow, max-snippet:-1, max-image-preview:large, max-video-preview:-1\" \/>\n<link rel=\"canonical\" href=\"https:\/\/aucoeurdemanature.com\/?page_id=1093\" \/>\n<meta property=\"og:locale\" content=\"fr_FR\" \/>\n<meta property=\"og:type\" content=\"article\" \/>\n<meta property=\"og:title\" content=\"Location moyen de portage Au coeur de ma nature\" \/>\n<meta property=\"og:description\" content=\"Location de moyen de portage (\u00e9charpe, porte b\u00e9b\u00e9, sling...) \u00e0 la semaine pour tester avant d\u2019acheter ou pour les vacances.\" \/>\n<meta property=\"og:url\" content=\"https:\/\/aucoeurdemanature.com\/?page_id=1093\" \/>\n<meta property=\"og:site_name\" content=\"Au coeur de ma nature\" \/>\n<meta property=\"article:publisher\" content=\"https:\/\/www.facebook.com\/Aucoeurdemanature\" \/>\n<meta property=\"article:modified_time\" content=\"2021-04-16T15:44:07+00:00\" \/>\n<meta property=\"og:image\" content=\"http:\/\/aucoeurdemanature.com\/wp-content\/uploads\/2019\/09\/location.jpg\" \/>\n<meta name=\"twitter:card\" content=\"summary_large_image\" \/>\n<meta name=\"twitter:label1\" content=\"Dur\u00e9e de lecture estim\u00e9e\" \/>\n\t<meta name=\"twitter:data1\" content=\"1 minute\" \/>\n<script type=\"application\/ld+json\" class=\"yoast-schema-graph\">{\"@context\":\"https:\/\/schema.org\",\"@graph\":[{\"@type\":\"WebPage\",\"@id\":\"https:\/\/aucoeurdemanature.com\/?page_id=1093\",\"url\":\"https:\/\/aucoeurdemanature.com\/?page_id=1093\",\"name\":\"Location moyen de portage Au coeur de ma nature\",\"isPartOf\":{\"@id\":\"http:\/\/aucoeurdemanature.com\/#website\"},\"primaryImageOfPage\":{\"@id\":\"https:\/\/aucoeurdemanature.com\/?page_id=1093#primaryimage\"},\"image\":{\"@id\":\"https:\/\/aucoeurdemanature.com\/?page_id=1093#primaryimage\"},\"thumbnailUrl\":\"http:\/\/aucoeurdemanature.com\/wp-content\/uploads\/2019\/09\/location.jpg\",\"datePublished\":\"2020-07-27T14:24:44+00:00\",\"dateModified\":\"2021-04-16T15:44:07+00:00\",\"description\":\"Location de moyen de portage (\u00e9charpe, porte b\u00e9b\u00e9, sling...) \u00e0 la semaine pour tester avant d\u2019acheter ou pour les vacances.\",\"breadcrumb\":{\"@id\":\"https:\/\/aucoeurdemanature.com\/?page_id=1093#breadcrumb\"},\"inLanguage\":\"fr-FR\",\"potentialAction\":[{\"@type\":\"ReadAction\",\"target\":[\"https:\/\/aucoeurdemanature.com\/?page_id=1093\"]}]},{\"@type\":\"ImageObject\",\"inLanguage\":\"fr-FR\",\"@id\":\"https:\/\/aucoeurdemanature.com\/?page_id=1093#primaryimage\",\"url\":\"https:\/\/aucoeurdemanature.com\/wp-content\/uploads\/2019\/09\/location.jpg\",\"contentUrl\":\"https:\/\/aucoeurdemanature.com\/wp-content\/uploads\/2019\/09\/location.jpg\",\"width\":138,\"height\":138},{\"@type\":\"BreadcrumbList\",\"@id\":\"https:\/\/aucoeurdemanature.com\/?page_id=1093#breadcrumb\",\"itemListElement\":[{\"@type\":\"ListItem\",\"position\":1,\"name\":\"Accueil\",\"item\":\"http:\/\/aucoeurdemanature.com\/\"},{\"@type\":\"ListItem\",\"position\":2,\"name\":\"Location\"}]},{\"@type\":\"WebSite\",\"@id\":\"http:\/\/aucoeurdemanature.com\/#website\",\"url\":\"http:\/\/aucoeurdemanature.com\/\",\"name\":\"Au coeur de ma nature\",\"description\":\"Au coeur de ma nature - Psychologue en p\u00e9rinatalit\u00e9, atelier parentalit\u00e9, et soins  - Yonne 89\",\"publisher\":{\"@id\":\"http:\/\/aucoeurdemanature.com\/#organization\"},\"potentialAction\":[{\"@type\":\"SearchAction\",\"target\":{\"@type\":\"EntryPoint\",\"urlTemplate\":\"http:\/\/aucoeurdemanature.com\/?s={search_term_string}\"},\"query-input\":{\"@type\":\"PropertyValueSpecification\",\"valueRequired\":true,\"valueName\":\"search_term_string\"}}],\"inLanguage\":\"fr-FR\"},{\"@type\":\"Organization\",\"@id\":\"http:\/\/aucoeurdemanature.com\/#organization\",\"name\":\"Au coeur de ma nature\",\"url\":\"http:\/\/aucoeurdemanature.com\/\",\"logo\":{\"@type\":\"ImageObject\",\"inLanguage\":\"fr-FR\",\"@id\":\"http:\/\/aucoeurdemanature.com\/#\/schema\/logo\/image\/\",\"url\":\"http:\/\/aucoeurdemanature.com\/wp-content\/uploads\/2019\/09\/Image-1-770x1024.jpg\",\"contentUrl\":\"http:\/\/aucoeurdemanature.com\/wp-content\/uploads\/2019\/09\/Image-1-770x1024.jpg\",\"width\":770,\"height\":1024,\"caption\":\"Au coeur de ma nature\"},\"image\":{\"@id\":\"http:\/\/aucoeurdemanature.com\/#\/schema\/logo\/image\/\"},\"sameAs\":[\"https:\/\/www.facebook.com\/Aucoeurdemanature\",\"https:\/\/www.instagram.com\/aucoeurdemanature\/?hl=fr\"]}]}<\/script>\n<!-- \/ Yoast SEO plugin. -->","yoast_head_json":{"title":"Location moyen de portage Au coeur de ma nature","description":"Location de moyen de portage (\u00e9charpe, porte b\u00e9b\u00e9, sling...) \u00e0 la semaine pour tester avant d\u2019acheter ou pour les vacances.","robots":{"index":"index","follow":"follow","max-snippet":"max-snippet:-1","max-image-preview":"max-image-preview:large","max-video-preview":"max-video-preview:-1"},"canonical":"https:\/\/aucoeurdemanature.com\/?page_id=1093","og_locale":"fr_FR","og_type":"article","og_title":"Location moyen de portage Au coeur de ma nature","og_description":"Location de moyen de portage (\u00e9charpe, porte b\u00e9b\u00e9, sling...) \u00e0 la semaine pour tester avant d\u2019acheter ou pour les vacances.","og_url":"https:\/\/aucoeurdemanature.com\/?page_id=1093","og_site_name":"Au coeur de ma nature","article_publisher":"https:\/\/www.facebook.com\/Aucoeurdemanature","article_modified_time":"2021-04-16T15:44:07+00:00","og_image":[{"url":"http:\/\/aucoeurdemanature.com\/wp-content\/uploads\/2019\/09\/location.jpg","type":"","width":"","height":""}],"twitter_card":"summary_large_image","twitter_misc":{"Dur\u00e9e de lecture estim\u00e9e":"1 minute"},"schema":{"@context":"https:\/\/schema.org","@graph":[{"@type":"WebPage","@id":"https:\/\/aucoeurdemanature.com\/?page_id=1093","url":"https:\/\/aucoeurdemanature.com\/?page_id=1093","name":"Location moyen de portage Au coeur de ma nature","isPartOf":{"@id":"http:\/\/aucoeurdemanature.com\/#website"},"primaryImageOfPage":{"@id":"https:\/\/aucoeurdemanature.com\/?page_id=1093#primaryimage"},"image":{"@id":"https:\/\/aucoeurdemanature.com\/?page_id=1093#primaryimage"},"thumbnailUrl":"http:\/\/aucoeurdemanature.com\/wp-content\/uploads\/2019\/09\/location.jpg","datePublished":"2020-07-27T14:24:44+00:00","dateModified":"2021-04-16T15:44:07+00:00","description":"Location de moyen de portage (\u00e9charpe, porte b\u00e9b\u00e9, sling...) \u00e0 la semaine pour tester avant d\u2019acheter ou pour les vacances.","breadcrumb":{"@id":"https:\/\/aucoeurdemanature.com\/?page_id=1093#breadcrumb"},"inLanguage":"fr-FR","potentialAction":[{"@type":"ReadAction","target":["https:\/\/aucoeurdemanature.com\/?page_id=1093"]}]},{"@type":"ImageObject","inLanguage":"fr-FR","@id":"https:\/\/aucoeurdemanature.com\/?page_id=1093#primaryimage","url":"https:\/\/aucoeurdemanature.com\/wp-content\/uploads\/2019\/09\/location.jpg","contentUrl":"https:\/\/aucoeurdemanature.com\/wp-content\/uploads\/2019\/09\/location.jpg","width":138,"height":138},{"@type":"BreadcrumbList","@id":"https:\/\/aucoeurdemanature.com\/?page_id=1093#breadcrumb","itemListElement":[{"@type":"ListItem","position":1,"name":"Accueil","item":"http:\/\/aucoeurdemanature.com\/"},{"@type":"ListItem","position":2,"name":"Location"}]},{"@type":"WebSite","@id":"http:\/\/aucoeurdemanature.com\/#website","url":"http:\/\/aucoeurdemanature.com\/","name":"Au coeur de ma nature","description":"Au coeur de ma nature - Psychologue en p\u00e9rinatalit\u00e9, atelier parentalit\u00e9, et soins  - Yonne 89","publisher":{"@id":"http:\/\/aucoeurdemanature.com\/#organization"},"potentialAction":[{"@type":"SearchAction","target":{"@type":"EntryPoint","urlTemplate":"http:\/\/aucoeurdemanature.com\/?s={search_term_string}"},"query-input":{"@type":"PropertyValueSpecification","valueRequired":true,"valueName":"search_term_string"}}],"inLanguage":"fr-FR"},{"@type":"Organization","@id":"http:\/\/aucoeurdemanature.com\/#organization","name":"Au coeur de ma nature","url":"http:\/\/aucoeurdemanature.com\/","logo":{"@type":"ImageObject","inLanguage":"fr-FR","@id":"http:\/\/aucoeurdemanature.com\/#\/schema\/logo\/image\/","url":"http:\/\/aucoeurdemanature.com\/wp-content\/uploads\/2019\/09\/Image-1-770x1024.jpg","contentUrl":"http:\/\/aucoeurdemanature.com\/wp-content\/uploads\/2019\/09\/Image-1-770x1024.jpg","width":770,"height":1024,"caption":"Au coeur de ma nature"},"image":{"@id":"http:\/\/aucoeurdemanature.com\/#\/schema\/logo\/image\/"},"sameAs":["https:\/\/www.facebook.com\/Aucoeurdemanature","https:\/\/www.instagram.com\/aucoeurdemanature\/?hl=fr"]}]}},"_links":{"self":[{"href":"https:\/\/aucoeurdemanature.com\/index.php?rest_route=\/wp\/v2\/pages\/1093","targetHints":{"allow":["GET"]}}],"collection":[{"href":"https:\/\/aucoeurdemanature.com\/index.php?rest_route=\/wp\/v2\/pages"}],"about":[{"href":"https:\/\/aucoeurdemanature.com\/index.php?rest_route=\/wp\/v2\/types\/page"}],"author":[{"embeddable":true,"href":"https:\/\/aucoeurdemanature.com\/index.php?rest_route=\/wp\/v2\/users\/1"}],"replies":[{"embeddable":true,"href":"https:\/\/aucoeurdemanature.com\/index.php?rest_route=%2Fwp%2Fv2%2Fcomments&post=1093"}],"version-history":[{"count":23,"href":"https:\/\/aucoeurdemanature.com\/index.php?rest_route=\/wp\/v2\/pages\/1093\/revisions"}],"predecessor-version":[{"id":1750,"href":"https:\/\/aucoeurdemanature.com\/index.php?rest_route=\/wp\/v2\/pages\/1093\/revisions\/1750"}],"wp:attachment":[{"href":"https:\/\/aucoeurdemanature.com\/index.php?rest_route=%2Fwp%2Fv2%2Fmedia&parent=1093"}],"curies":[{"name":"wp","href":"https:\/\/api.w.org\/{rel}","templated":true}]}}