{"id":1678,"date":"2021-04-15T20:18:27","date_gmt":"2021-04-15T18:18:27","guid":{"rendered":"http:\/\/aucoeurdemanature.com\/?page_id=1678"},"modified":"2022-06-09T10:44:03","modified_gmt":"2022-06-09T08:44:03","slug":"mentions-legales","status":"publish","type":"page","link":"https:\/\/aucoeurdemanature.com\/?page_id=1678","title":{"rendered":"Mentions l\u00e9gales"},"content":{"rendered":"\t\t<div data-elementor-type=\"wp-page\" data-elementor-id=\"1678\" class=\"elementor elementor-1678\">\n\t\t\t\t\t\t<section class=\"elementor-section elementor-top-section elementor-element elementor-element-98bdc54 elementor-section-boxed elementor-section-height-default elementor-section-height-default\" data-id=\"98bdc54\" data-element_type=\"section\" data-e-type=\"section\">\n\t\t\t\t\t\t<div class=\"elementor-container elementor-column-gap-default\">\n\t\t\t\t\t<div class=\"elementor-column elementor-col-100 elementor-top-column elementor-element elementor-element-9b1c2d3\" data-id=\"9b1c2d3\" data-element_type=\"column\" data-e-type=\"column\">\n\t\t\t<div class=\"elementor-widget-wrap elementor-element-populated\">\n\t\t\t\t\t\t<div class=\"elementor-element elementor-element-5ba7f8b elementor-widget elementor-widget-text-editor\" data-id=\"5ba7f8b\" data-element_type=\"widget\" data-e-type=\"widget\" data-widget_type=\"text-editor.default\">\n\t\t\t\t<div class=\"elementor-widget-container\">\n\t\t\t\t\t\t\t\t\t<div class=\"n module-type-header diyfeLiveArea\"><span class=\"diyfeDecoration\"><span style=\"text-decoration: underline;\">Soci\u00e9t\u00e9 propri\u00e9taire du site<\/span> :\u00a0<\/span><span class=\"diyfeDecoration\">Sandrine Tonnellier EI<br \/><\/span><\/div><div class=\"n module-type-header diyfeLiveArea\"><span class=\"diyfeDecoration\"><span style=\"text-decoration: underline;\">Si\u00e8ge social:<\/span>\u00a0 <\/span><span class=\"LrzXr\" style=\"letter-spacing: 0px;\">18 rue du Fonteny\u00a0<\/span><span style=\"letter-spacing: 0px;\">89240 Lindry<\/span><\/div><div class=\"n module-type-header diyfeLiveArea\"><p><span style=\"text-decoration: underline;\">email contact :<\/span> sandrinetonnellier@msn.com<\/p><p><span style=\"text-decoration: underline;\">Forme juridique<\/span> : Micro-entreprise &#8211; Entrepreneur individuel<\/p><p><span style=\"letter-spacing: 0px;\"><span style=\"text-decoration: underline;\">N\u00b0 SIRET<\/span> : 853 536 753 00017<\/span><\/p><p><span style=\"text-decoration: underline;\">Responsable publications<\/span> : Sandrine Tonnellier<\/p><\/div><p><span class=\"diyfeDecoration\"><span style=\"text-decoration: underline;\">H\u00e9bergeur du site<\/span> : OVH 2 rue Kellermann &#8211; BP 80157 &#8211; 59100 Roubaix.\u00a0<\/span><\/p><div class=\"n module-type-text diyfeLiveArea\"><p class=\"font_7\"><span style=\"text-decoration: underline;\">Confidentialit\u00e9<\/span> : Conform\u00e9ment \u00e0 la loi Informatique et Libert\u00e9s en date du 6 janvier 1978, vous disposez d\u2019un droit d\u2019acc\u00e8s, de rectification, de modification et de suppression concernant les donn\u00e9es qui vous concernent. Vous pouvez exercer ce droit en m&rsquo;envoyant un courrier \u00e9lectronique.<\/p><p class=\"font_7\"><span style=\"text-decoration: underline;\">Droits d&rsquo;auteur<\/span> : En application avec la loi fran\u00e7aise et internationale sur le droit d&rsquo;auteur et la propri\u00e9t\u00e9 intellectuelle, la reproduction de tout ou partie de ce site est formellement interdite sauf autorisation expresse de la part de Sandrine Tonnellier<\/p><\/div>\t\t\t\t\t\t\t\t<\/div>\n\t\t\t\t<\/div>\n\t\t\t\t\t<\/div>\n\t\t<\/div>\n\t\t\t\t\t<\/div>\n\t\t<\/section>\n\t\t\t\t<\/div>\n\t\t","protected":false},"excerpt":{"rendered":"<p>Soci\u00e9t\u00e9 propri\u00e9taire du site :\u00a0Sandrine Tonnellier EISi\u00e8ge social:\u00a0 18 rue du Fonteny\u00a089240 Lindry email contact : sandrinetonnellier@msn.com Forme juridique : Micro-entreprise &#8211; Entrepreneur individuel N\u00b0 SIRET : 853 536 753 00017 Responsable publications : Sandrine Tonnellier H\u00e9bergeur du site : OVH 2 rue Kellermann &#8211; BP 80157 &#8211; 59100 Roubaix.\u00a0 Confidentialit\u00e9 : Conform\u00e9ment \u00e0 la loi Informatique et Libert\u00e9s en date du 6 janvier 1978, vous disposez d\u2019un droit d\u2019acc\u00e8s, de rectification, de modification et de suppression concernant les donn\u00e9es qui vous concernent. Vous pouvez exercer ce droit en m&rsquo;envoyant un courrier \u00e9lectronique. Droits d&rsquo;auteur : En application avec la loi fran\u00e7aise et internationale sur le droit d&rsquo;auteur et la propri\u00e9t\u00e9 intellectuelle, la reproduction de tout ou partie de ce site est formellement interdite sauf autorisation expresse de la part de Sandrine Tonnellier<\/p>\n","protected":false},"author":1,"featured_media":0,"parent":0,"menu_order":0,"comment_status":"closed","ping_status":"closed","template":"","meta":{"footnotes":""},"class_list":["post-1678","page","type-page","status-publish","hentry"],"yoast_head":"<!-- This site is optimized with the Yoast SEO plugin v27.2 - https:\/\/yoast.com\/product\/yoast-seo-wordpress\/ -->\n<title>Mentions l\u00e9gales Au coeur de ma nature<\/title>\n<meta name=\"robots\" content=\"index, follow, max-snippet:-1, max-image-preview:large, max-video-preview:-1\" \/>\n<link rel=\"canonical\" href=\"http:\/\/aucoeurdemanature.com\/?page_id=1678\" \/>\n<meta property=\"og:locale\" content=\"fr_FR\" \/>\n<meta property=\"og:type\" content=\"article\" \/>\n<meta property=\"og:title\" content=\"Mentions l\u00e9gales Au coeur de ma nature\" \/>\n<meta property=\"og:description\" content=\"Soci\u00e9t\u00e9 propri\u00e9taire du site :\u00a0Sandrine Tonnellier EISi\u00e8ge social:\u00a0 18 rue du Fonteny\u00a089240 Lindry email contact : sandrinetonnellier@msn.com Forme juridique : Micro-entreprise &#8211; Entrepreneur individuel N\u00b0 SIRET : 853 536 753 00017 Responsable publications : Sandrine Tonnellier H\u00e9bergeur du site : OVH 2 rue Kellermann &#8211; BP 80157 &#8211; 59100 Roubaix.\u00a0 Confidentialit\u00e9 : Conform\u00e9ment \u00e0 la loi Informatique et Libert\u00e9s en date du 6 janvier 1978, vous disposez d\u2019un droit d\u2019acc\u00e8s, de rectification, de modification et de suppression concernant les donn\u00e9es qui vous concernent. Vous pouvez exercer ce droit en m&rsquo;envoyant un courrier \u00e9lectronique. Droits d&rsquo;auteur : En application avec la loi fran\u00e7aise et internationale sur le droit d&rsquo;auteur et la propri\u00e9t\u00e9 intellectuelle, la reproduction de tout ou partie de ce site est formellement interdite sauf autorisation expresse de la part de Sandrine Tonnellier\" \/>\n<meta property=\"og:url\" content=\"http:\/\/aucoeurdemanature.com\/?page_id=1678\" \/>\n<meta property=\"og:site_name\" content=\"Au coeur de ma nature\" \/>\n<meta property=\"article:publisher\" content=\"https:\/\/www.facebook.com\/Aucoeurdemanature\" \/>\n<meta property=\"article:modified_time\" content=\"2022-06-09T08:44:03+00:00\" \/>\n<meta name=\"twitter:card\" content=\"summary_large_image\" \/>\n<meta name=\"twitter:label1\" content=\"Dur\u00e9e de lecture estim\u00e9e\" \/>\n\t<meta name=\"twitter:data1\" content=\"1 minute\" \/>\n<script type=\"application\/ld+json\" class=\"yoast-schema-graph\">{\"@context\":\"https:\/\/schema.org\",\"@graph\":[{\"@type\":\"WebPage\",\"@id\":\"http:\/\/aucoeurdemanature.com\/?page_id=1678\",\"url\":\"http:\/\/aucoeurdemanature.com\/?page_id=1678\",\"name\":\"Mentions l\u00e9gales Au coeur de ma nature\",\"isPartOf\":{\"@id\":\"http:\/\/aucoeurdemanature.com\/#website\"},\"datePublished\":\"2021-04-15T18:18:27+00:00\",\"dateModified\":\"2022-06-09T08:44:03+00:00\",\"breadcrumb\":{\"@id\":\"http:\/\/aucoeurdemanature.com\/?page_id=1678#breadcrumb\"},\"inLanguage\":\"fr-FR\",\"potentialAction\":[{\"@type\":\"ReadAction\",\"target\":[\"http:\/\/aucoeurdemanature.com\/?page_id=1678\"]}]},{\"@type\":\"BreadcrumbList\",\"@id\":\"http:\/\/aucoeurdemanature.com\/?page_id=1678#breadcrumb\",\"itemListElement\":[{\"@type\":\"ListItem\",\"position\":1,\"name\":\"Accueil\",\"item\":\"http:\/\/aucoeurdemanature.com\/\"},{\"@type\":\"ListItem\",\"position\":2,\"name\":\"Mentions l\u00e9gales\"}]},{\"@type\":\"WebSite\",\"@id\":\"http:\/\/aucoeurdemanature.com\/#website\",\"url\":\"http:\/\/aucoeurdemanature.com\/\",\"name\":\"Au coeur de ma nature\",\"description\":\"Au coeur de ma nature - Psychologue en p\u00e9rinatalit\u00e9, atelier parentalit\u00e9, et soins  - Yonne 89\",\"publisher\":{\"@id\":\"http:\/\/aucoeurdemanature.com\/#organization\"},\"potentialAction\":[{\"@type\":\"SearchAction\",\"target\":{\"@type\":\"EntryPoint\",\"urlTemplate\":\"http:\/\/aucoeurdemanature.com\/?s={search_term_string}\"},\"query-input\":{\"@type\":\"PropertyValueSpecification\",\"valueRequired\":true,\"valueName\":\"search_term_string\"}}],\"inLanguage\":\"fr-FR\"},{\"@type\":\"Organization\",\"@id\":\"http:\/\/aucoeurdemanature.com\/#organization\",\"name\":\"Au coeur de ma nature\",\"url\":\"http:\/\/aucoeurdemanature.com\/\",\"logo\":{\"@type\":\"ImageObject\",\"inLanguage\":\"fr-FR\",\"@id\":\"http:\/\/aucoeurdemanature.com\/#\/schema\/logo\/image\/\",\"url\":\"http:\/\/aucoeurdemanature.com\/wp-content\/uploads\/2019\/09\/Image-1-770x1024.jpg\",\"contentUrl\":\"http:\/\/aucoeurdemanature.com\/wp-content\/uploads\/2019\/09\/Image-1-770x1024.jpg\",\"width\":770,\"height\":1024,\"caption\":\"Au coeur de ma nature\"},\"image\":{\"@id\":\"http:\/\/aucoeurdemanature.com\/#\/schema\/logo\/image\/\"},\"sameAs\":[\"https:\/\/www.facebook.com\/Aucoeurdemanature\",\"https:\/\/www.instagram.com\/aucoeurdemanature\/?hl=fr\"]}]}<\/script>\n<!-- \/ Yoast SEO plugin. -->","yoast_head_json":{"title":"Mentions l\u00e9gales Au coeur de ma nature","robots":{"index":"index","follow":"follow","max-snippet":"max-snippet:-1","max-image-preview":"max-image-preview:large","max-video-preview":"max-video-preview:-1"},"canonical":"http:\/\/aucoeurdemanature.com\/?page_id=1678","og_locale":"fr_FR","og_type":"article","og_title":"Mentions l\u00e9gales Au coeur de ma nature","og_description":"Soci\u00e9t\u00e9 propri\u00e9taire du site :\u00a0Sandrine Tonnellier EISi\u00e8ge social:\u00a0 18 rue du Fonteny\u00a089240 Lindry email contact : sandrinetonnellier@msn.com Forme juridique : Micro-entreprise &#8211; Entrepreneur individuel N\u00b0 SIRET : 853 536 753 00017 Responsable publications : Sandrine Tonnellier H\u00e9bergeur du site : OVH 2 rue Kellermann &#8211; BP 80157 &#8211; 59100 Roubaix.\u00a0 Confidentialit\u00e9 : Conform\u00e9ment \u00e0 la loi Informatique et Libert\u00e9s en date du 6 janvier 1978, vous disposez d\u2019un droit d\u2019acc\u00e8s, de rectification, de modification et de suppression concernant les donn\u00e9es qui vous concernent. Vous pouvez exercer ce droit en m&rsquo;envoyant un courrier \u00e9lectronique. Droits d&rsquo;auteur : En application avec la loi fran\u00e7aise et internationale sur le droit d&rsquo;auteur et la propri\u00e9t\u00e9 intellectuelle, la reproduction de tout ou partie de ce site est formellement interdite sauf autorisation expresse de la part de Sandrine Tonnellier","og_url":"http:\/\/aucoeurdemanature.com\/?page_id=1678","og_site_name":"Au coeur de ma nature","article_publisher":"https:\/\/www.facebook.com\/Aucoeurdemanature","article_modified_time":"2022-06-09T08:44:03+00:00","twitter_card":"summary_large_image","twitter_misc":{"Dur\u00e9e de lecture estim\u00e9e":"1 minute"},"schema":{"@context":"https:\/\/schema.org","@graph":[{"@type":"WebPage","@id":"http:\/\/aucoeurdemanature.com\/?page_id=1678","url":"http:\/\/aucoeurdemanature.com\/?page_id=1678","name":"Mentions l\u00e9gales Au coeur de ma nature","isPartOf":{"@id":"http:\/\/aucoeurdemanature.com\/#website"},"datePublished":"2021-04-15T18:18:27+00:00","dateModified":"2022-06-09T08:44:03+00:00","breadcrumb":{"@id":"http:\/\/aucoeurdemanature.com\/?page_id=1678#breadcrumb"},"inLanguage":"fr-FR","potentialAction":[{"@type":"ReadAction","target":["http:\/\/aucoeurdemanature.com\/?page_id=1678"]}]},{"@type":"BreadcrumbList","@id":"http:\/\/aucoeurdemanature.com\/?page_id=1678#breadcrumb","itemListElement":[{"@type":"ListItem","position":1,"name":"Accueil","item":"http:\/\/aucoeurdemanature.com\/"},{"@type":"ListItem","position":2,"name":"Mentions l\u00e9gales"}]},{"@type":"WebSite","@id":"http:\/\/aucoeurdemanature.com\/#website","url":"http:\/\/aucoeurdemanature.com\/","name":"Au coeur de ma nature","description":"Au coeur de ma nature - Psychologue en p\u00e9rinatalit\u00e9, atelier parentalit\u00e9, et soins  - Yonne 89","publisher":{"@id":"http:\/\/aucoeurdemanature.com\/#organization"},"potentialAction":[{"@type":"SearchAction","target":{"@type":"EntryPoint","urlTemplate":"http:\/\/aucoeurdemanature.com\/?s={search_term_string}"},"query-input":{"@type":"PropertyValueSpecification","valueRequired":true,"valueName":"search_term_string"}}],"inLanguage":"fr-FR"},{"@type":"Organization","@id":"http:\/\/aucoeurdemanature.com\/#organization","name":"Au coeur de ma nature","url":"http:\/\/aucoeurdemanature.com\/","logo":{"@type":"ImageObject","inLanguage":"fr-FR","@id":"http:\/\/aucoeurdemanature.com\/#\/schema\/logo\/image\/","url":"http:\/\/aucoeurdemanature.com\/wp-content\/uploads\/2019\/09\/Image-1-770x1024.jpg","contentUrl":"http:\/\/aucoeurdemanature.com\/wp-content\/uploads\/2019\/09\/Image-1-770x1024.jpg","width":770,"height":1024,"caption":"Au coeur de ma nature"},"image":{"@id":"http:\/\/aucoeurdemanature.com\/#\/schema\/logo\/image\/"},"sameAs":["https:\/\/www.facebook.com\/Aucoeurdemanature","https:\/\/www.instagram.com\/aucoeurdemanature\/?hl=fr"]}]}},"_links":{"self":[{"href":"https:\/\/aucoeurdemanature.com\/index.php?rest_route=\/wp\/v2\/pages\/1678","targetHints":{"allow":["GET"]}}],"collection":[{"href":"https:\/\/aucoeurdemanature.com\/index.php?rest_route=\/wp\/v2\/pages"}],"about":[{"href":"https:\/\/aucoeurdemanature.com\/index.php?rest_route=\/wp\/v2\/types\/page"}],"author":[{"embeddable":true,"href":"https:\/\/aucoeurdemanature.com\/index.php?rest_route=\/wp\/v2\/users\/1"}],"replies":[{"embeddable":true,"href":"https:\/\/aucoeurdemanature.com\/index.php?rest_route=%2Fwp%2Fv2%2Fcomments&post=1678"}],"version-history":[{"count":25,"href":"https:\/\/aucoeurdemanature.com\/index.php?rest_route=\/wp\/v2\/pages\/1678\/revisions"}],"predecessor-version":[{"id":3178,"href":"https:\/\/aucoeurdemanature.com\/index.php?rest_route=\/wp\/v2\/pages\/1678\/revisions\/3178"}],"wp:attachment":[{"href":"https:\/\/aucoeurdemanature.com\/index.php?rest_route=%2Fwp%2Fv2%2Fmedia&parent=1678"}],"curies":[{"name":"wp","href":"https:\/\/api.w.org\/{rel}","templated":true}]}}