{"id":1894,"date":"2021-06-04T09:50:46","date_gmt":"2021-06-04T07:50:46","guid":{"rendered":"http:\/\/aucoeurdemanature.com\/?page_id=1894"},"modified":"2021-10-05T21:10:17","modified_gmt":"2021-10-05T19:10:17","slug":"portage","status":"publish","type":"page","link":"https:\/\/aucoeurdemanature.com\/?page_id=1894","title":{"rendered":"Portage physiologique"},"content":{"rendered":"\t\t<div data-elementor-type=\"wp-page\" data-elementor-id=\"1894\" class=\"elementor elementor-1894\">\n\t\t\t\t\t\t<section class=\"elementor-section elementor-top-section elementor-element elementor-element-3bf30e1 elementor-section-boxed elementor-section-height-default elementor-section-height-default\" data-id=\"3bf30e1\" data-element_type=\"section\" data-e-type=\"section\">\n\t\t\t\t\t\t<div class=\"elementor-container elementor-column-gap-default\">\n\t\t\t\t\t<div class=\"elementor-column elementor-col-100 elementor-top-column elementor-element elementor-element-55727dc\" data-id=\"55727dc\" data-element_type=\"column\" data-e-type=\"column\">\n\t\t\t<div class=\"elementor-widget-wrap\">\n\t\t\t\t\t\t\t<\/div>\n\t\t<\/div>\n\t\t\t\t\t<\/div>\n\t\t<\/section>\n\t\t\t\t<section class=\"elementor-section elementor-top-section elementor-element elementor-element-8fa385b elementor-section-boxed elementor-section-height-default elementor-section-height-default\" data-id=\"8fa385b\" data-element_type=\"section\" data-e-type=\"section\">\n\t\t\t\t\t\t<div class=\"elementor-container elementor-column-gap-default\">\n\t\t\t\t\t<div class=\"elementor-column elementor-col-50 elementor-top-column elementor-element elementor-element-6782e12\" data-id=\"6782e12\" data-element_type=\"column\" data-e-type=\"column\">\n\t\t\t<div class=\"elementor-widget-wrap elementor-element-populated\">\n\t\t\t\t\t\t<div class=\"elementor-element elementor-element-ee86255 elementor-widget elementor-widget-image\" data-id=\"ee86255\" data-element_type=\"widget\" data-e-type=\"widget\" data-settings=\"{&quot;_animation&quot;:&quot;none&quot;}\" data-widget_type=\"image.default\">\n\t\t\t\t<div class=\"elementor-widget-container\">\n\t\t\t\t\t\t\t\t\t\t\t\t<figure class=\"wp-caption\">\n\t\t\t\t\t\t\t\t\t\t\t<a href=\"http:\/\/aucoeurdemanature.com\/?page_id=295\">\n\t\t\t\t\t\t\t<img fetchpriority=\"high\" decoding=\"async\" width=\"300\" height=\"256\" src=\"https:\/\/aucoeurdemanature.com\/wp-content\/uploads\/2019\/10\/femme-enceinte.-jpg-300x256.jpg\" class=\"elementor-animation-shrink attachment-medium size-medium wp-image-501\" alt=\"\" srcset=\"https:\/\/aucoeurdemanature.com\/wp-content\/uploads\/2019\/10\/femme-enceinte.-jpg-300x256.jpg 300w, https:\/\/aucoeurdemanature.com\/wp-content\/uploads\/2019\/10\/femme-enceinte.-jpg-600x512.jpg 600w, https:\/\/aucoeurdemanature.com\/wp-content\/uploads\/2019\/10\/femme-enceinte.-jpg.jpg 623w\" sizes=\"(max-width: 300px) 100vw, 300px\" \/>\t\t\t\t\t\t\t\t<\/a>\n\t\t\t\t\t\t\t\t\t\t\t<figcaption class=\"widget-image-caption wp-caption-text\">Le portage physiologique et ses bienfaits<\/figcaption>\n\t\t\t\t\t\t\t\t\t\t<\/figure>\n\t\t\t\t\t\t\t\t\t<\/div>\n\t\t\t\t<\/div>\n\t\t\t\t\t<\/div>\n\t\t<\/div>\n\t\t\t\t<div class=\"elementor-column elementor-col-50 elementor-top-column elementor-element elementor-element-56475f7\" data-id=\"56475f7\" data-element_type=\"column\" data-e-type=\"column\">\n\t\t\t<div class=\"elementor-widget-wrap elementor-element-populated\">\n\t\t\t\t\t\t<div class=\"elementor-element elementor-element-1567950 elementor-widget elementor-widget-image\" data-id=\"1567950\" data-element_type=\"widget\" data-e-type=\"widget\" data-settings=\"{&quot;_animation&quot;:&quot;none&quot;}\" data-widget_type=\"image.default\">\n\t\t\t\t<div class=\"elementor-widget-container\">\n\t\t\t\t\t\t\t\t\t\t\t\t<figure class=\"wp-caption\">\n\t\t\t\t\t\t\t\t\t\t\t<a href=\"http:\/\/aucoeurdemanature.com\/?page_id=22\">\n\t\t\t\t\t\t\t<img decoding=\"async\" src=\"https:\/\/aucoeurdemanature.com\/wp-content\/uploads\/2020\/07\/115740794_290928095588213_3101289168674424393_o.jpg\" title=\"115740794_290928095588213_3101289168674424393_o\" alt=\"115740794_290928095588213_3101289168674424393_o\" class=\"elementor-animation-shrink\" loading=\"lazy\" \/>\t\t\t\t\t\t\t\t<\/a>\n\t\t\t\t\t\t\t\t\t\t\t<figcaption class=\"widget-image-caption wp-caption-text\">Atelier et tarifs<\/figcaption>\n\t\t\t\t\t\t\t\t\t\t<\/figure>\n\t\t\t\t\t\t\t\t\t<\/div>\n\t\t\t\t<\/div>\n\t\t\t\t\t<\/div>\n\t\t<\/div>\n\t\t\t\t\t<\/div>\n\t\t<\/section>\n\t\t\t\t<section class=\"elementor-section elementor-top-section elementor-element elementor-element-3f44cc6 elementor-section-boxed elementor-section-height-default elementor-section-height-default\" data-id=\"3f44cc6\" data-element_type=\"section\" data-e-type=\"section\">\n\t\t\t\t\t\t<div class=\"elementor-container elementor-column-gap-default\">\n\t\t\t\t\t<div class=\"elementor-column elementor-col-50 elementor-top-column elementor-element elementor-element-7d3a420\" data-id=\"7d3a420\" data-element_type=\"column\" data-e-type=\"column\">\n\t\t\t<div class=\"elementor-widget-wrap elementor-element-populated\">\n\t\t\t\t\t\t<div class=\"elementor-element elementor-element-ce01796 elementor-widget elementor-widget-image\" data-id=\"ce01796\" data-element_type=\"widget\" data-e-type=\"widget\" data-settings=\"{&quot;_animation&quot;:&quot;none&quot;}\" data-widget_type=\"image.default\">\n\t\t\t\t<div class=\"elementor-widget-container\">\n\t\t\t\t\t\t\t\t\t\t\t\t<figure class=\"wp-caption\">\n\t\t\t\t\t\t\t\t\t\t\t<a href=\"http:\/\/aucoeurdemanature.com\/?page_id=1108\">\n\t\t\t\t\t\t\t<img decoding=\"async\" width=\"300\" height=\"225\" src=\"https:\/\/aucoeurdemanature.com\/wp-content\/uploads\/2019\/09\/pro-300x225.jpg\" class=\"elementor-animation-shrink attachment-medium size-medium wp-image-211\" alt=\"\" srcset=\"https:\/\/aucoeurdemanature.com\/wp-content\/uploads\/2019\/09\/pro-300x225.jpg 300w, https:\/\/aucoeurdemanature.com\/wp-content\/uploads\/2019\/09\/pro-600x450.jpg 600w, https:\/\/aucoeurdemanature.com\/wp-content\/uploads\/2019\/09\/pro-768x576.jpg 768w, https:\/\/aucoeurdemanature.com\/wp-content\/uploads\/2019\/09\/pro-1024x768.jpg 1024w, https:\/\/aucoeurdemanature.com\/wp-content\/uploads\/2019\/09\/pro-1140x855.jpg 1140w, https:\/\/aucoeurdemanature.com\/wp-content\/uploads\/2019\/09\/pro.jpg 1280w\" sizes=\"(max-width: 300px) 100vw, 300px\" \/>\t\t\t\t\t\t\t\t<\/a>\n\t\t\t\t\t\t\t\t\t\t\t<figcaption class=\"widget-image-caption wp-caption-text\">Interventions d\u00e9di\u00e9es aux professionnels<\/figcaption>\n\t\t\t\t\t\t\t\t\t\t<\/figure>\n\t\t\t\t\t\t\t\t\t<\/div>\n\t\t\t\t<\/div>\n\t\t\t\t\t<\/div>\n\t\t<\/div>\n\t\t\t\t<div class=\"elementor-column elementor-col-50 elementor-top-column elementor-element elementor-element-28d8d6d\" data-id=\"28d8d6d\" data-element_type=\"column\" data-e-type=\"column\">\n\t\t\t<div class=\"elementor-widget-wrap elementor-element-populated\">\n\t\t\t\t\t\t<div class=\"elementor-element elementor-element-b305ea0 elementor-widget elementor-widget-image\" data-id=\"b305ea0\" data-element_type=\"widget\" data-e-type=\"widget\" data-settings=\"{&quot;_animation&quot;:&quot;none&quot;}\" data-widget_type=\"image.default\">\n\t\t\t\t<div class=\"elementor-widget-container\">\n\t\t\t\t\t\t\t\t\t\t\t\t<figure class=\"wp-caption\">\n\t\t\t\t\t\t\t\t\t\t\t<a href=\"http:\/\/aucoeurdemanature.com\/?page_id=710\">\n\t\t\t\t\t\t\t<img decoding=\"async\" width=\"300\" height=\"225\" src=\"https:\/\/aucoeurdemanature.com\/wp-content\/uploads\/2020\/07\/87797287_193433088671048_5206909799219855360_o-300x225.jpg\" class=\"elementor-animation-shrink attachment-medium size-medium wp-image-1095\" alt=\"\" srcset=\"https:\/\/aucoeurdemanature.com\/wp-content\/uploads\/2020\/07\/87797287_193433088671048_5206909799219855360_o-300x225.jpg 300w, https:\/\/aucoeurdemanature.com\/wp-content\/uploads\/2020\/07\/87797287_193433088671048_5206909799219855360_o-600x450.jpg 600w, https:\/\/aucoeurdemanature.com\/wp-content\/uploads\/2020\/07\/87797287_193433088671048_5206909799219855360_o-768x576.jpg 768w, https:\/\/aucoeurdemanature.com\/wp-content\/uploads\/2020\/07\/87797287_193433088671048_5206909799219855360_o.jpg 960w\" sizes=\"(max-width: 300px) 100vw, 300px\" \/>\t\t\t\t\t\t\t\t<\/a>\n\t\t\t\t\t\t\t\t\t\t\t<figcaption class=\"widget-image-caption wp-caption-text\">Porte b\u00e9b\u00e9th\u00e8que<\/figcaption>\n\t\t\t\t\t\t\t\t\t\t<\/figure>\n\t\t\t\t\t\t\t\t\t<\/div>\n\t\t\t\t<\/div>\n\t\t\t\t\t<\/div>\n\t\t<\/div>\n\t\t\t\t\t<\/div>\n\t\t<\/section>\n\t\t\t\t<section class=\"elementor-section elementor-top-section elementor-element elementor-element-09fac37 elementor-section-boxed elementor-section-height-default elementor-section-height-default\" data-id=\"09fac37\" data-element_type=\"section\" data-e-type=\"section\">\n\t\t\t\t\t\t<div class=\"elementor-container elementor-column-gap-default\">\n\t\t\t\t\t<div class=\"elementor-column elementor-col-100 elementor-top-column elementor-element elementor-element-aff3840\" data-id=\"aff3840\" data-element_type=\"column\" data-e-type=\"column\">\n\t\t\t<div class=\"elementor-widget-wrap elementor-element-populated\">\n\t\t\t\t\t\t<div class=\"elementor-element elementor-element-316fad2 elementor-widget elementor-widget-image\" data-id=\"316fad2\" data-element_type=\"widget\" data-e-type=\"widget\" data-settings=\"{&quot;_animation&quot;:&quot;none&quot;}\" data-widget_type=\"image.default\">\n\t\t\t\t<div class=\"elementor-widget-container\">\n\t\t\t\t\t\t\t\t\t\t\t\t<figure class=\"wp-caption\">\n\t\t\t\t\t\t\t\t\t\t\t<a href=\"http:\/\/aucoeurdemanature.com\/?page_id=1093\">\n\t\t\t\t\t\t\t<img decoding=\"async\" src=\"https:\/\/aucoeurdemanature.com\/wp-content\/uploads\/2019\/10\/IMG_20190815_172157905_HDR-scaled.jpg\" title=\"IMG_20190815_172157905_HDR\" alt=\"IMG_20190815_172157905_HDR\" class=\"elementor-animation-shrink\" loading=\"lazy\" \/>\t\t\t\t\t\t\t\t<\/a>\n\t\t\t\t\t\t\t\t\t\t\t<figcaption class=\"widget-image-caption wp-caption-text\">Location<\/figcaption>\n\t\t\t\t\t\t\t\t\t\t<\/figure>\n\t\t\t\t\t\t\t\t\t<\/div>\n\t\t\t\t<\/div>\n\t\t\t\t\t<\/div>\n\t\t<\/div>\n\t\t\t\t\t<\/div>\n\t\t<\/section>\n\t\t\t\t<\/div>\n\t\t","protected":false},"excerpt":{"rendered":"<p>Le portage physiologique et ses bienfaits Atelier et tarifs Interventions d\u00e9di\u00e9es aux professionnels Porte b\u00e9b\u00e9th\u00e8que Location<\/p>\n","protected":false},"author":1,"featured_media":0,"parent":0,"menu_order":0,"comment_status":"closed","ping_status":"closed","template":"","meta":{"footnotes":""},"class_list":["post-1894","page","type-page","status-publish","hentry"],"yoast_head":"<!-- This site is optimized with the Yoast SEO plugin v27.2 - https:\/\/yoast.com\/product\/yoast-seo-wordpress\/ -->\n<title>Portage physiologique Au coeur de ma nature<\/title>\n<meta name=\"robots\" content=\"index, follow, max-snippet:-1, max-image-preview:large, max-video-preview:-1\" \/>\n<link rel=\"canonical\" href=\"https:\/\/aucoeurdemanature.com\/?page_id=1894\" \/>\n<meta property=\"og:locale\" content=\"fr_FR\" \/>\n<meta property=\"og:type\" content=\"article\" \/>\n<meta property=\"og:title\" content=\"Portage physiologique Au coeur de ma nature\" \/>\n<meta property=\"og:description\" content=\"Le portage physiologique et ses bienfaits Atelier et tarifs Interventions d\u00e9di\u00e9es aux professionnels Porte b\u00e9b\u00e9th\u00e8que Location\" \/>\n<meta property=\"og:url\" content=\"https:\/\/aucoeurdemanature.com\/?page_id=1894\" \/>\n<meta property=\"og:site_name\" content=\"Au coeur de ma nature\" \/>\n<meta property=\"article:publisher\" content=\"https:\/\/www.facebook.com\/Aucoeurdemanature\" \/>\n<meta property=\"article:modified_time\" content=\"2021-10-05T19:10:17+00:00\" \/>\n<meta property=\"og:image\" content=\"http:\/\/aucoeurdemanature.com\/wp-content\/uploads\/2019\/10\/femme-enceinte.-jpg-300x256.jpg\" \/>\n<meta name=\"twitter:card\" content=\"summary_large_image\" \/>\n<meta name=\"twitter:label1\" content=\"Dur\u00e9e de lecture estim\u00e9e\" \/>\n\t<meta name=\"twitter:data1\" content=\"2 minutes\" \/>\n<script type=\"application\/ld+json\" class=\"yoast-schema-graph\">{\"@context\":\"https:\/\/schema.org\",\"@graph\":[{\"@type\":\"WebPage\",\"@id\":\"https:\/\/aucoeurdemanature.com\/?page_id=1894\",\"url\":\"https:\/\/aucoeurdemanature.com\/?page_id=1894\",\"name\":\"Portage physiologique Au coeur de ma nature\",\"isPartOf\":{\"@id\":\"http:\/\/aucoeurdemanature.com\/#website\"},\"primaryImageOfPage\":{\"@id\":\"https:\/\/aucoeurdemanature.com\/?page_id=1894#primaryimage\"},\"image\":{\"@id\":\"https:\/\/aucoeurdemanature.com\/?page_id=1894#primaryimage\"},\"thumbnailUrl\":\"http:\/\/aucoeurdemanature.com\/wp-content\/uploads\/2019\/10\/femme-enceinte.-jpg-300x256.jpg\",\"datePublished\":\"2021-06-04T07:50:46+00:00\",\"dateModified\":\"2021-10-05T19:10:17+00:00\",\"breadcrumb\":{\"@id\":\"https:\/\/aucoeurdemanature.com\/?page_id=1894#breadcrumb\"},\"inLanguage\":\"fr-FR\",\"potentialAction\":[{\"@type\":\"ReadAction\",\"target\":[\"https:\/\/aucoeurdemanature.com\/?page_id=1894\"]}]},{\"@type\":\"ImageObject\",\"inLanguage\":\"fr-FR\",\"@id\":\"https:\/\/aucoeurdemanature.com\/?page_id=1894#primaryimage\",\"url\":\"https:\/\/aucoeurdemanature.com\/wp-content\/uploads\/2019\/10\/femme-enceinte.-jpg.jpg\",\"contentUrl\":\"https:\/\/aucoeurdemanature.com\/wp-content\/uploads\/2019\/10\/femme-enceinte.-jpg.jpg\",\"width\":623,\"height\":532},{\"@type\":\"BreadcrumbList\",\"@id\":\"https:\/\/aucoeurdemanature.com\/?page_id=1894#breadcrumb\",\"itemListElement\":[{\"@type\":\"ListItem\",\"position\":1,\"name\":\"Accueil\",\"item\":\"http:\/\/aucoeurdemanature.com\/\"},{\"@type\":\"ListItem\",\"position\":2,\"name\":\"Portage physiologique\"}]},{\"@type\":\"WebSite\",\"@id\":\"http:\/\/aucoeurdemanature.com\/#website\",\"url\":\"http:\/\/aucoeurdemanature.com\/\",\"name\":\"Au coeur de ma nature\",\"description\":\"Au coeur de ma nature - Psychologue en p\u00e9rinatalit\u00e9, atelier parentalit\u00e9, et soins  - Yonne 89\",\"publisher\":{\"@id\":\"http:\/\/aucoeurdemanature.com\/#organization\"},\"potentialAction\":[{\"@type\":\"SearchAction\",\"target\":{\"@type\":\"EntryPoint\",\"urlTemplate\":\"http:\/\/aucoeurdemanature.com\/?s={search_term_string}\"},\"query-input\":{\"@type\":\"PropertyValueSpecification\",\"valueRequired\":true,\"valueName\":\"search_term_string\"}}],\"inLanguage\":\"fr-FR\"},{\"@type\":\"Organization\",\"@id\":\"http:\/\/aucoeurdemanature.com\/#organization\",\"name\":\"Au coeur de ma nature\",\"url\":\"http:\/\/aucoeurdemanature.com\/\",\"logo\":{\"@type\":\"ImageObject\",\"inLanguage\":\"fr-FR\",\"@id\":\"http:\/\/aucoeurdemanature.com\/#\/schema\/logo\/image\/\",\"url\":\"http:\/\/aucoeurdemanature.com\/wp-content\/uploads\/2019\/09\/Image-1-770x1024.jpg\",\"contentUrl\":\"http:\/\/aucoeurdemanature.com\/wp-content\/uploads\/2019\/09\/Image-1-770x1024.jpg\",\"width\":770,\"height\":1024,\"caption\":\"Au coeur de ma nature\"},\"image\":{\"@id\":\"http:\/\/aucoeurdemanature.com\/#\/schema\/logo\/image\/\"},\"sameAs\":[\"https:\/\/www.facebook.com\/Aucoeurdemanature\",\"https:\/\/www.instagram.com\/aucoeurdemanature\/?hl=fr\"]}]}<\/script>\n<!-- \/ Yoast SEO plugin. -->","yoast_head_json":{"title":"Portage physiologique Au coeur de ma nature","robots":{"index":"index","follow":"follow","max-snippet":"max-snippet:-1","max-image-preview":"max-image-preview:large","max-video-preview":"max-video-preview:-1"},"canonical":"https:\/\/aucoeurdemanature.com\/?page_id=1894","og_locale":"fr_FR","og_type":"article","og_title":"Portage physiologique Au coeur de ma nature","og_description":"Le portage physiologique et ses bienfaits Atelier et tarifs Interventions d\u00e9di\u00e9es aux professionnels Porte b\u00e9b\u00e9th\u00e8que Location","og_url":"https:\/\/aucoeurdemanature.com\/?page_id=1894","og_site_name":"Au coeur de ma nature","article_publisher":"https:\/\/www.facebook.com\/Aucoeurdemanature","article_modified_time":"2021-10-05T19:10:17+00:00","og_image":[{"url":"http:\/\/aucoeurdemanature.com\/wp-content\/uploads\/2019\/10\/femme-enceinte.-jpg-300x256.jpg","type":"","width":"","height":""}],"twitter_card":"summary_large_image","twitter_misc":{"Dur\u00e9e de lecture estim\u00e9e":"2 minutes"},"schema":{"@context":"https:\/\/schema.org","@graph":[{"@type":"WebPage","@id":"https:\/\/aucoeurdemanature.com\/?page_id=1894","url":"https:\/\/aucoeurdemanature.com\/?page_id=1894","name":"Portage physiologique Au coeur de ma nature","isPartOf":{"@id":"http:\/\/aucoeurdemanature.com\/#website"},"primaryImageOfPage":{"@id":"https:\/\/aucoeurdemanature.com\/?page_id=1894#primaryimage"},"image":{"@id":"https:\/\/aucoeurdemanature.com\/?page_id=1894#primaryimage"},"thumbnailUrl":"http:\/\/aucoeurdemanature.com\/wp-content\/uploads\/2019\/10\/femme-enceinte.-jpg-300x256.jpg","datePublished":"2021-06-04T07:50:46+00:00","dateModified":"2021-10-05T19:10:17+00:00","breadcrumb":{"@id":"https:\/\/aucoeurdemanature.com\/?page_id=1894#breadcrumb"},"inLanguage":"fr-FR","potentialAction":[{"@type":"ReadAction","target":["https:\/\/aucoeurdemanature.com\/?page_id=1894"]}]},{"@type":"ImageObject","inLanguage":"fr-FR","@id":"https:\/\/aucoeurdemanature.com\/?page_id=1894#primaryimage","url":"https:\/\/aucoeurdemanature.com\/wp-content\/uploads\/2019\/10\/femme-enceinte.-jpg.jpg","contentUrl":"https:\/\/aucoeurdemanature.com\/wp-content\/uploads\/2019\/10\/femme-enceinte.-jpg.jpg","width":623,"height":532},{"@type":"BreadcrumbList","@id":"https:\/\/aucoeurdemanature.com\/?page_id=1894#breadcrumb","itemListElement":[{"@type":"ListItem","position":1,"name":"Accueil","item":"http:\/\/aucoeurdemanature.com\/"},{"@type":"ListItem","position":2,"name":"Portage physiologique"}]},{"@type":"WebSite","@id":"http:\/\/aucoeurdemanature.com\/#website","url":"http:\/\/aucoeurdemanature.com\/","name":"Au coeur de ma nature","description":"Au coeur de ma nature - Psychologue en p\u00e9rinatalit\u00e9, atelier parentalit\u00e9, et soins  - Yonne 89","publisher":{"@id":"http:\/\/aucoeurdemanature.com\/#organization"},"potentialAction":[{"@type":"SearchAction","target":{"@type":"EntryPoint","urlTemplate":"http:\/\/aucoeurdemanature.com\/?s={search_term_string}"},"query-input":{"@type":"PropertyValueSpecification","valueRequired":true,"valueName":"search_term_string"}}],"inLanguage":"fr-FR"},{"@type":"Organization","@id":"http:\/\/aucoeurdemanature.com\/#organization","name":"Au coeur de ma nature","url":"http:\/\/aucoeurdemanature.com\/","logo":{"@type":"ImageObject","inLanguage":"fr-FR","@id":"http:\/\/aucoeurdemanature.com\/#\/schema\/logo\/image\/","url":"http:\/\/aucoeurdemanature.com\/wp-content\/uploads\/2019\/09\/Image-1-770x1024.jpg","contentUrl":"http:\/\/aucoeurdemanature.com\/wp-content\/uploads\/2019\/09\/Image-1-770x1024.jpg","width":770,"height":1024,"caption":"Au coeur de ma nature"},"image":{"@id":"http:\/\/aucoeurdemanature.com\/#\/schema\/logo\/image\/"},"sameAs":["https:\/\/www.facebook.com\/Aucoeurdemanature","https:\/\/www.instagram.com\/aucoeurdemanature\/?hl=fr"]}]}},"_links":{"self":[{"href":"https:\/\/aucoeurdemanature.com\/index.php?rest_route=\/wp\/v2\/pages\/1894","targetHints":{"allow":["GET"]}}],"collection":[{"href":"https:\/\/aucoeurdemanature.com\/index.php?rest_route=\/wp\/v2\/pages"}],"about":[{"href":"https:\/\/aucoeurdemanature.com\/index.php?rest_route=\/wp\/v2\/types\/page"}],"author":[{"embeddable":true,"href":"https:\/\/aucoeurdemanature.com\/index.php?rest_route=\/wp\/v2\/users\/1"}],"replies":[{"embeddable":true,"href":"https:\/\/aucoeurdemanature.com\/index.php?rest_route=%2Fwp%2Fv2%2Fcomments&post=1894"}],"version-history":[{"count":15,"href":"https:\/\/aucoeurdemanature.com\/index.php?rest_route=\/wp\/v2\/pages\/1894\/revisions"}],"predecessor-version":[{"id":3911,"href":"https:\/\/aucoeurdemanature.com\/index.php?rest_route=\/wp\/v2\/pages\/1894\/revisions\/3911"}],"wp:attachment":[{"href":"https:\/\/aucoeurdemanature.com\/index.php?rest_route=%2Fwp%2Fv2%2Fmedia&parent=1894"}],"curies":[{"name":"wp","href":"https:\/\/api.w.org\/{rel}","templated":true}]}}