{"id":2387,"date":"2022-02-06T11:44:50","date_gmt":"2022-02-06T10:44:50","guid":{"rendered":"http:\/\/aucoeurdemanature.com\/?page_id=2387"},"modified":"2024-01-24T15:19:53","modified_gmt":"2024-01-24T14:19:53","slug":"mes-services","status":"publish","type":"page","link":"https:\/\/aucoeurdemanature.com\/?page_id=2387","title":{"rendered":"Mes Services"},"content":{"rendered":"\t\t<div data-elementor-type=\"wp-page\" data-elementor-id=\"2387\" class=\"elementor elementor-2387\">\n\t\t\t\t\t\t<section class=\"elementor-section elementor-top-section elementor-element elementor-element-dc2be20 elementor-section-boxed elementor-section-height-default elementor-section-height-default\" data-id=\"dc2be20\" data-element_type=\"section\" data-e-type=\"section\">\n\t\t\t\t\t\t<div class=\"elementor-container elementor-column-gap-default\">\n\t\t\t\t\t<div class=\"elementor-column elementor-col-100 elementor-top-column elementor-element elementor-element-dd8217b\" data-id=\"dd8217b\" data-element_type=\"column\" data-e-type=\"column\">\n\t\t\t<div class=\"elementor-widget-wrap\">\n\t\t\t\t\t\t\t<\/div>\n\t\t<\/div>\n\t\t\t\t\t<\/div>\n\t\t<\/section>\n\t\t\t\t<section class=\"elementor-section elementor-top-section elementor-element elementor-element-c442af1 elementor-section-boxed elementor-section-height-default elementor-section-height-default\" data-id=\"c442af1\" data-element_type=\"section\" data-e-type=\"section\">\n\t\t\t\t\t\t<div class=\"elementor-container elementor-column-gap-default\">\n\t\t\t\t\t<div class=\"elementor-column elementor-col-100 elementor-top-column elementor-element elementor-element-c0e7e00\" data-id=\"c0e7e00\" data-element_type=\"column\" data-e-type=\"column\">\n\t\t\t<div class=\"elementor-widget-wrap elementor-element-populated\">\n\t\t\t\t\t\t<div class=\"elementor-element elementor-element-f2152b0 elementor-widget elementor-widget-text-editor\" data-id=\"f2152b0\" data-element_type=\"widget\" data-e-type=\"widget\" data-widget_type=\"text-editor.default\">\n\t\t\t\t<div class=\"elementor-widget-container\">\n\t\t\t\t\t\t\t\t\t<p>Je vous accompagne avec \u00e9coute et bienveillance et propose des ateliers en individuel, collectif ou lors d\u2019interventions pour les&nbsp;professionnel(le)s de sant\u00e9 et\/ou du secteur de la petite enfance.&nbsp;<\/p><p><span style=\"letter-spacing: 0px;\">Je vous propose des ateliers autour du portage (d\u00e9couverte, utilisation, perfectionnement, manipulation), des ateliers de massage b\u00e9b\u00e9 et bambin, les ateliers Signes associ\u00e9s \u00e0 la parole, le bain envelopp\u00e9 ainsi que des soins d\u00e9di\u00e9es \u00e0 la femme comme le soin rituel du Rebozo.&nbsp;<\/span><span style=\"letter-spacing: 0px;\">&nbsp;Chaque accompagnement tient compte des particularit\u00e9s qui vous sont propres. N&rsquo;h\u00e9sitez pas \u00e0 me contacter pour \u00e9changer sur votre projet ou vos souhaits.&nbsp;<\/span><\/p>\t\t\t\t\t\t\t\t<\/div>\n\t\t\t\t<\/div>\n\t\t\t\t\t<\/div>\n\t\t<\/div>\n\t\t\t\t\t<\/div>\n\t\t<\/section>\n\t\t\t\t<section class=\"elementor-section elementor-top-section elementor-element elementor-element-e0eb89a elementor-section-boxed elementor-section-height-default elementor-section-height-default\" data-id=\"e0eb89a\" data-element_type=\"section\" data-e-type=\"section\">\n\t\t\t\t\t\t<div class=\"elementor-container elementor-column-gap-default\">\n\t\t\t\t\t<div class=\"elementor-column elementor-col-100 elementor-top-column elementor-element elementor-element-089cc51\" data-id=\"089cc51\" data-element_type=\"column\" data-e-type=\"column\">\n\t\t\t<div class=\"elementor-widget-wrap\">\n\t\t\t\t\t\t\t<\/div>\n\t\t<\/div>\n\t\t\t\t\t<\/div>\n\t\t<\/section>\n\t\t\t\t<section class=\"elementor-section elementor-top-section elementor-element elementor-element-a8993c8 elementor-section-boxed elementor-section-height-default elementor-section-height-default\" data-id=\"a8993c8\" data-element_type=\"section\" data-e-type=\"section\">\n\t\t\t\t\t\t<div class=\"elementor-container elementor-column-gap-default\">\n\t\t\t\t\t<div class=\"elementor-column elementor-col-100 elementor-top-column elementor-element elementor-element-f82562b\" data-id=\"f82562b\" data-element_type=\"column\" data-e-type=\"column\">\n\t\t\t<div class=\"elementor-widget-wrap elementor-element-populated\">\n\t\t\t\t\t\t<div class=\"elementor-element elementor-element-5e4b390 elementor-arrows-position-inside elementor-pagination-position-outside elementor-widget elementor-widget-image-carousel\" data-id=\"5e4b390\" data-element_type=\"widget\" data-e-type=\"widget\" data-settings=\"{&quot;autoplay_speed&quot;:2000,&quot;navigation&quot;:&quot;both&quot;,&quot;autoplay&quot;:&quot;yes&quot;,&quot;pause_on_hover&quot;:&quot;yes&quot;,&quot;pause_on_interaction&quot;:&quot;yes&quot;,&quot;infinite&quot;:&quot;yes&quot;,&quot;speed&quot;:500}\" data-widget_type=\"image-carousel.default\">\n\t\t\t\t<div class=\"elementor-widget-container\">\n\t\t\t\t\t\t\t<div class=\"elementor-image-carousel-wrapper swiper\" role=\"region\" aria-roledescription=\"carousel\" aria-label=\"Carrousel d\u2019images\" dir=\"ltr\">\n\t\t\t<div class=\"elementor-image-carousel swiper-wrapper\" aria-live=\"off\">\n\t\t\t\t\t\t\t\t<div class=\"swiper-slide\" role=\"group\" aria-roledescription=\"slide\" aria-label=\"1 sur 11\"><figure class=\"swiper-slide-inner\"><img decoding=\"async\" class=\"swiper-slide-image\" src=\"https:\/\/aucoeurdemanature.com\/wp-content\/uploads\/2022\/06\/Accompagnement-1-300x300.png\" alt=\"Accompagnement\" \/><\/figure><\/div><div class=\"swiper-slide\" role=\"group\" aria-roledescription=\"slide\" aria-label=\"2 sur 11\"><figure class=\"swiper-slide-inner\"><img decoding=\"async\" class=\"swiper-slide-image\" src=\"https:\/\/aucoeurdemanature.com\/wp-content\/uploads\/2022\/04\/5-300x300.png\" alt=\"5\" \/><\/figure><\/div><div class=\"swiper-slide\" role=\"group\" aria-roledescription=\"slide\" aria-label=\"3 sur 11\"><figure class=\"swiper-slide-inner\"><img decoding=\"async\" class=\"swiper-slide-image\" src=\"https:\/\/aucoeurdemanature.com\/wp-content\/uploads\/2022\/04\/3-300x300.png\" alt=\"3\" \/><\/figure><\/div><div class=\"swiper-slide\" role=\"group\" aria-roledescription=\"slide\" aria-label=\"4 sur 11\"><figure class=\"swiper-slide-inner\"><img decoding=\"async\" class=\"swiper-slide-image\" src=\"https:\/\/aucoeurdemanature.com\/wp-content\/uploads\/2022\/04\/4-300x300.png\" alt=\"4\" \/><\/figure><\/div><div class=\"swiper-slide\" role=\"group\" aria-roledescription=\"slide\" aria-label=\"5 sur 11\"><figure class=\"swiper-slide-inner\"><img decoding=\"async\" class=\"swiper-slide-image\" src=\"https:\/\/aucoeurdemanature.com\/wp-content\/uploads\/2022\/04\/6-300x300.png\" alt=\"6\" \/><\/figure><\/div><div class=\"swiper-slide\" role=\"group\" aria-roledescription=\"slide\" aria-label=\"6 sur 11\"><figure class=\"swiper-slide-inner\"><img decoding=\"async\" class=\"swiper-slide-image\" src=\"https:\/\/aucoeurdemanature.com\/wp-content\/uploads\/2022\/04\/1-300x300.png\" alt=\"1\" \/><\/figure><\/div><div class=\"swiper-slide\" role=\"group\" aria-roledescription=\"slide\" aria-label=\"7 sur 11\"><figure class=\"swiper-slide-inner\"><img decoding=\"async\" class=\"swiper-slide-image\" src=\"https:\/\/aucoeurdemanature.com\/wp-content\/uploads\/2022\/05\/Image-pour-site-300x300.png\" alt=\"Image pour site\" \/><\/figure><\/div><div class=\"swiper-slide\" role=\"group\" aria-roledescription=\"slide\" aria-label=\"8 sur 11\"><figure class=\"swiper-slide-inner\"><img decoding=\"async\" class=\"swiper-slide-image\" src=\"https:\/\/aucoeurdemanature.com\/wp-content\/uploads\/2022\/04\/14-300x300.png\" alt=\"14\" \/><\/figure><\/div><div class=\"swiper-slide\" role=\"group\" aria-roledescription=\"slide\" aria-label=\"9 sur 11\"><figure class=\"swiper-slide-inner\"><img decoding=\"async\" class=\"swiper-slide-image\" src=\"https:\/\/aucoeurdemanature.com\/wp-content\/uploads\/2024\/01\/Soins-300x300.png\" alt=\"Soins\" \/><\/figure><\/div><div class=\"swiper-slide\" role=\"group\" aria-roledescription=\"slide\" aria-label=\"10 sur 11\"><figure class=\"swiper-slide-inner\"><img decoding=\"async\" class=\"swiper-slide-image\" src=\"https:\/\/aucoeurdemanature.com\/wp-content\/uploads\/2024\/01\/Soins-2-300x300.png\" alt=\"Soins (2)\" \/><\/figure><\/div><div class=\"swiper-slide\" role=\"group\" aria-roledescription=\"slide\" aria-label=\"11 sur 11\"><figure class=\"swiper-slide-inner\"><img decoding=\"async\" class=\"swiper-slide-image\" src=\"https:\/\/aucoeurdemanature.com\/wp-content\/uploads\/2023\/01\/Formations-professionnels-300x300.png\" alt=\"Formations professionnels\" \/><\/figure><\/div>\t\t\t<\/div>\n\t\t\t\t\t\t\t\t\t\t\t\t<div class=\"elementor-swiper-button elementor-swiper-button-prev\" role=\"button\" tabindex=\"0\">\n\t\t\t\t\t\t<i aria-hidden=\"true\" class=\"eicon-chevron-left\"><\/i>\t\t\t\t\t<\/div>\n\t\t\t\t\t<div class=\"elementor-swiper-button elementor-swiper-button-next\" role=\"button\" tabindex=\"0\">\n\t\t\t\t\t\t<i aria-hidden=\"true\" class=\"eicon-chevron-right\"><\/i>\t\t\t\t\t<\/div>\n\t\t\t\t\n\t\t\t\t\t\t\t\t\t<div class=\"swiper-pagination\"><\/div>\n\t\t\t\t\t\t\t\t\t<\/div>\n\t\t\t\t\t\t<\/div>\n\t\t\t\t<\/div>\n\t\t\t\t\t<\/div>\n\t\t<\/div>\n\t\t\t\t\t<\/div>\n\t\t<\/section>\n\t\t\t\t<\/div>\n\t\t","protected":false},"excerpt":{"rendered":"<p>Je vous accompagne avec \u00e9coute et bienveillance et propose des ateliers en individuel, collectif ou lors d\u2019interventions pour les&nbsp;professionnel(le)s de sant\u00e9 et\/ou du secteur de la petite enfance.&nbsp; Je vous propose des ateliers autour du portage (d\u00e9couverte, utilisation, perfectionnement, manipulation), des ateliers de massage b\u00e9b\u00e9 et bambin, les ateliers Signes associ\u00e9s \u00e0 la parole, le bain envelopp\u00e9 ainsi que des soins d\u00e9di\u00e9es \u00e0 la femme comme le soin rituel du Rebozo.&nbsp;&nbsp;Chaque accompagnement tient compte des particularit\u00e9s qui vous sont propres. N&rsquo;h\u00e9sitez pas \u00e0 me contacter pour \u00e9changer sur votre projet ou vos souhaits.&nbsp;<\/p>\n","protected":false},"author":1,"featured_media":0,"parent":0,"menu_order":0,"comment_status":"closed","ping_status":"closed","template":"","meta":{"footnotes":""},"class_list":["post-2387","page","type-page","status-publish","hentry"],"yoast_head":"<!-- This site is optimized with the Yoast SEO plugin v27.2 - https:\/\/yoast.com\/product\/yoast-seo-wordpress\/ -->\n<title>Mes Services Au coeur de ma nature<\/title>\n<meta name=\"robots\" content=\"index, follow, max-snippet:-1, max-image-preview:large, max-video-preview:-1\" \/>\n<link rel=\"canonical\" href=\"https:\/\/aucoeurdemanature.com\/?page_id=2387\" \/>\n<meta property=\"og:locale\" content=\"fr_FR\" \/>\n<meta property=\"og:type\" content=\"article\" \/>\n<meta property=\"og:title\" content=\"Mes Services Au coeur de ma nature\" \/>\n<meta property=\"og:description\" content=\"Je vous accompagne avec \u00e9coute et bienveillance et propose des ateliers en individuel, collectif ou lors d\u2019interventions pour les&nbsp;professionnel(le)s de sant\u00e9 et\/ou du secteur de la petite enfance.&nbsp; Je vous propose des ateliers autour du portage (d\u00e9couverte, utilisation, perfectionnement, manipulation), des ateliers de massage b\u00e9b\u00e9 et bambin, les ateliers Signes associ\u00e9s \u00e0 la parole, le bain envelopp\u00e9 ainsi que des soins d\u00e9di\u00e9es \u00e0 la femme comme le soin rituel du Rebozo.&nbsp;&nbsp;Chaque accompagnement tient compte des particularit\u00e9s qui vous sont propres. N&rsquo;h\u00e9sitez pas \u00e0 me contacter pour \u00e9changer sur votre projet ou vos souhaits.&nbsp;\" \/>\n<meta property=\"og:url\" content=\"https:\/\/aucoeurdemanature.com\/?page_id=2387\" \/>\n<meta property=\"og:site_name\" content=\"Au coeur de ma nature\" \/>\n<meta property=\"article:publisher\" content=\"https:\/\/www.facebook.com\/Aucoeurdemanature\" \/>\n<meta property=\"article:modified_time\" content=\"2024-01-24T14:19:53+00:00\" \/>\n<meta property=\"og:image\" content=\"http:\/\/aucoeurdemanature.com\/wp-content\/uploads\/2022\/06\/Accompagnement-1-300x300.png\" \/>\n<meta name=\"twitter:card\" content=\"summary_large_image\" \/>\n<meta name=\"twitter:label1\" content=\"Dur\u00e9e de lecture estim\u00e9e\" \/>\n\t<meta name=\"twitter:data1\" content=\"4 minutes\" \/>\n<script type=\"application\/ld+json\" class=\"yoast-schema-graph\">{\"@context\":\"https:\/\/schema.org\",\"@graph\":[{\"@type\":\"WebPage\",\"@id\":\"https:\/\/aucoeurdemanature.com\/?page_id=2387\",\"url\":\"https:\/\/aucoeurdemanature.com\/?page_id=2387\",\"name\":\"Mes Services Au coeur de ma nature\",\"isPartOf\":{\"@id\":\"http:\/\/aucoeurdemanature.com\/#website\"},\"primaryImageOfPage\":{\"@id\":\"https:\/\/aucoeurdemanature.com\/?page_id=2387#primaryimage\"},\"image\":{\"@id\":\"https:\/\/aucoeurdemanature.com\/?page_id=2387#primaryimage\"},\"thumbnailUrl\":\"http:\/\/aucoeurdemanature.com\/wp-content\/uploads\/2022\/06\/Accompagnement-1-300x300.png\",\"datePublished\":\"2022-02-06T10:44:50+00:00\",\"dateModified\":\"2024-01-24T14:19:53+00:00\",\"breadcrumb\":{\"@id\":\"https:\/\/aucoeurdemanature.com\/?page_id=2387#breadcrumb\"},\"inLanguage\":\"fr-FR\",\"potentialAction\":[{\"@type\":\"ReadAction\",\"target\":[\"https:\/\/aucoeurdemanature.com\/?page_id=2387\"]}]},{\"@type\":\"ImageObject\",\"inLanguage\":\"fr-FR\",\"@id\":\"https:\/\/aucoeurdemanature.com\/?page_id=2387#primaryimage\",\"url\":\"https:\/\/aucoeurdemanature.com\/wp-content\/uploads\/2022\/06\/Accompagnement-1.png\",\"contentUrl\":\"https:\/\/aucoeurdemanature.com\/wp-content\/uploads\/2022\/06\/Accompagnement-1.png\",\"width\":1080,\"height\":1080},{\"@type\":\"BreadcrumbList\",\"@id\":\"https:\/\/aucoeurdemanature.com\/?page_id=2387#breadcrumb\",\"itemListElement\":[{\"@type\":\"ListItem\",\"position\":1,\"name\":\"Accueil\",\"item\":\"http:\/\/aucoeurdemanature.com\/\"},{\"@type\":\"ListItem\",\"position\":2,\"name\":\"Mes Services\"}]},{\"@type\":\"WebSite\",\"@id\":\"http:\/\/aucoeurdemanature.com\/#website\",\"url\":\"http:\/\/aucoeurdemanature.com\/\",\"name\":\"Au coeur de ma nature\",\"description\":\"Au coeur de ma nature - Psychologue en p\u00e9rinatalit\u00e9, atelier parentalit\u00e9, et soins  - Yonne 89\",\"publisher\":{\"@id\":\"http:\/\/aucoeurdemanature.com\/#organization\"},\"potentialAction\":[{\"@type\":\"SearchAction\",\"target\":{\"@type\":\"EntryPoint\",\"urlTemplate\":\"http:\/\/aucoeurdemanature.com\/?s={search_term_string}\"},\"query-input\":{\"@type\":\"PropertyValueSpecification\",\"valueRequired\":true,\"valueName\":\"search_term_string\"}}],\"inLanguage\":\"fr-FR\"},{\"@type\":\"Organization\",\"@id\":\"http:\/\/aucoeurdemanature.com\/#organization\",\"name\":\"Au coeur de ma nature\",\"url\":\"http:\/\/aucoeurdemanature.com\/\",\"logo\":{\"@type\":\"ImageObject\",\"inLanguage\":\"fr-FR\",\"@id\":\"http:\/\/aucoeurdemanature.com\/#\/schema\/logo\/image\/\",\"url\":\"http:\/\/aucoeurdemanature.com\/wp-content\/uploads\/2019\/09\/Image-1-770x1024.jpg\",\"contentUrl\":\"http:\/\/aucoeurdemanature.com\/wp-content\/uploads\/2019\/09\/Image-1-770x1024.jpg\",\"width\":770,\"height\":1024,\"caption\":\"Au coeur de ma nature\"},\"image\":{\"@id\":\"http:\/\/aucoeurdemanature.com\/#\/schema\/logo\/image\/\"},\"sameAs\":[\"https:\/\/www.facebook.com\/Aucoeurdemanature\",\"https:\/\/www.instagram.com\/aucoeurdemanature\/?hl=fr\"]}]}<\/script>\n<!-- \/ Yoast SEO plugin. -->","yoast_head_json":{"title":"Mes Services Au coeur de ma nature","robots":{"index":"index","follow":"follow","max-snippet":"max-snippet:-1","max-image-preview":"max-image-preview:large","max-video-preview":"max-video-preview:-1"},"canonical":"https:\/\/aucoeurdemanature.com\/?page_id=2387","og_locale":"fr_FR","og_type":"article","og_title":"Mes Services Au coeur de ma nature","og_description":"Je vous accompagne avec \u00e9coute et bienveillance et propose des ateliers en individuel, collectif ou lors d\u2019interventions pour les&nbsp;professionnel(le)s de sant\u00e9 et\/ou du secteur de la petite enfance.&nbsp; Je vous propose des ateliers autour du portage (d\u00e9couverte, utilisation, perfectionnement, manipulation), des ateliers de massage b\u00e9b\u00e9 et bambin, les ateliers Signes associ\u00e9s \u00e0 la parole, le bain envelopp\u00e9 ainsi que des soins d\u00e9di\u00e9es \u00e0 la femme comme le soin rituel du Rebozo.&nbsp;&nbsp;Chaque accompagnement tient compte des particularit\u00e9s qui vous sont propres. N&rsquo;h\u00e9sitez pas \u00e0 me contacter pour \u00e9changer sur votre projet ou vos souhaits.&nbsp;","og_url":"https:\/\/aucoeurdemanature.com\/?page_id=2387","og_site_name":"Au coeur de ma nature","article_publisher":"https:\/\/www.facebook.com\/Aucoeurdemanature","article_modified_time":"2024-01-24T14:19:53+00:00","og_image":[{"url":"http:\/\/aucoeurdemanature.com\/wp-content\/uploads\/2022\/06\/Accompagnement-1-300x300.png","type":"","width":"","height":""}],"twitter_card":"summary_large_image","twitter_misc":{"Dur\u00e9e de lecture estim\u00e9e":"4 minutes"},"schema":{"@context":"https:\/\/schema.org","@graph":[{"@type":"WebPage","@id":"https:\/\/aucoeurdemanature.com\/?page_id=2387","url":"https:\/\/aucoeurdemanature.com\/?page_id=2387","name":"Mes Services Au coeur de ma nature","isPartOf":{"@id":"http:\/\/aucoeurdemanature.com\/#website"},"primaryImageOfPage":{"@id":"https:\/\/aucoeurdemanature.com\/?page_id=2387#primaryimage"},"image":{"@id":"https:\/\/aucoeurdemanature.com\/?page_id=2387#primaryimage"},"thumbnailUrl":"http:\/\/aucoeurdemanature.com\/wp-content\/uploads\/2022\/06\/Accompagnement-1-300x300.png","datePublished":"2022-02-06T10:44:50+00:00","dateModified":"2024-01-24T14:19:53+00:00","breadcrumb":{"@id":"https:\/\/aucoeurdemanature.com\/?page_id=2387#breadcrumb"},"inLanguage":"fr-FR","potentialAction":[{"@type":"ReadAction","target":["https:\/\/aucoeurdemanature.com\/?page_id=2387"]}]},{"@type":"ImageObject","inLanguage":"fr-FR","@id":"https:\/\/aucoeurdemanature.com\/?page_id=2387#primaryimage","url":"https:\/\/aucoeurdemanature.com\/wp-content\/uploads\/2022\/06\/Accompagnement-1.png","contentUrl":"https:\/\/aucoeurdemanature.com\/wp-content\/uploads\/2022\/06\/Accompagnement-1.png","width":1080,"height":1080},{"@type":"BreadcrumbList","@id":"https:\/\/aucoeurdemanature.com\/?page_id=2387#breadcrumb","itemListElement":[{"@type":"ListItem","position":1,"name":"Accueil","item":"http:\/\/aucoeurdemanature.com\/"},{"@type":"ListItem","position":2,"name":"Mes Services"}]},{"@type":"WebSite","@id":"http:\/\/aucoeurdemanature.com\/#website","url":"http:\/\/aucoeurdemanature.com\/","name":"Au coeur de ma nature","description":"Au coeur de ma nature - Psychologue en p\u00e9rinatalit\u00e9, atelier parentalit\u00e9, et soins  - Yonne 89","publisher":{"@id":"http:\/\/aucoeurdemanature.com\/#organization"},"potentialAction":[{"@type":"SearchAction","target":{"@type":"EntryPoint","urlTemplate":"http:\/\/aucoeurdemanature.com\/?s={search_term_string}"},"query-input":{"@type":"PropertyValueSpecification","valueRequired":true,"valueName":"search_term_string"}}],"inLanguage":"fr-FR"},{"@type":"Organization","@id":"http:\/\/aucoeurdemanature.com\/#organization","name":"Au coeur de ma nature","url":"http:\/\/aucoeurdemanature.com\/","logo":{"@type":"ImageObject","inLanguage":"fr-FR","@id":"http:\/\/aucoeurdemanature.com\/#\/schema\/logo\/image\/","url":"http:\/\/aucoeurdemanature.com\/wp-content\/uploads\/2019\/09\/Image-1-770x1024.jpg","contentUrl":"http:\/\/aucoeurdemanature.com\/wp-content\/uploads\/2019\/09\/Image-1-770x1024.jpg","width":770,"height":1024,"caption":"Au coeur de ma nature"},"image":{"@id":"http:\/\/aucoeurdemanature.com\/#\/schema\/logo\/image\/"},"sameAs":["https:\/\/www.facebook.com\/Aucoeurdemanature","https:\/\/www.instagram.com\/aucoeurdemanature\/?hl=fr"]}]}},"_links":{"self":[{"href":"https:\/\/aucoeurdemanature.com\/index.php?rest_route=\/wp\/v2\/pages\/2387","targetHints":{"allow":["GET"]}}],"collection":[{"href":"https:\/\/aucoeurdemanature.com\/index.php?rest_route=\/wp\/v2\/pages"}],"about":[{"href":"https:\/\/aucoeurdemanature.com\/index.php?rest_route=\/wp\/v2\/types\/page"}],"author":[{"embeddable":true,"href":"https:\/\/aucoeurdemanature.com\/index.php?rest_route=\/wp\/v2\/users\/1"}],"replies":[{"embeddable":true,"href":"https:\/\/aucoeurdemanature.com\/index.php?rest_route=%2Fwp%2Fv2%2Fcomments&post=2387"}],"version-history":[{"count":22,"href":"https:\/\/aucoeurdemanature.com\/index.php?rest_route=\/wp\/v2\/pages\/2387\/revisions"}],"predecessor-version":[{"id":4205,"href":"https:\/\/aucoeurdemanature.com\/index.php?rest_route=\/wp\/v2\/pages\/2387\/revisions\/4205"}],"wp:attachment":[{"href":"https:\/\/aucoeurdemanature.com\/index.php?rest_route=%2Fwp%2Fv2%2Fmedia&parent=2387"}],"curies":[{"name":"wp","href":"https:\/\/api.w.org\/{rel}","templated":true}]}}