{"id":3848,"date":"2023-04-23T17:43:40","date_gmt":"2023-04-23T15:43:40","guid":{"rendered":"http:\/\/aucoeurdemanature.com\/?page_id=3848"},"modified":"2024-02-12T09:59:01","modified_gmt":"2024-02-12T08:59:01","slug":"prendre-rdv","status":"publish","type":"page","link":"https:\/\/aucoeurdemanature.com\/?page_id=3848","title":{"rendered":"Prendre rdv"},"content":{"rendered":"\t\t<div data-elementor-type=\"wp-page\" data-elementor-id=\"3848\" class=\"elementor elementor-3848\">\n\t\t\t\t\t\t<section class=\"elementor-section elementor-top-section elementor-element elementor-element-90eee44 elementor-section-boxed elementor-section-height-default elementor-section-height-default\" data-id=\"90eee44\" data-element_type=\"section\" data-e-type=\"section\">\n\t\t\t\t\t\t<div class=\"elementor-container elementor-column-gap-default\">\n\t\t\t\t\t<div class=\"elementor-column elementor-col-100 elementor-top-column elementor-element elementor-element-36f931f\" data-id=\"36f931f\" data-element_type=\"column\" data-e-type=\"column\">\n\t\t\t<div class=\"elementor-widget-wrap\">\n\t\t\t\t\t\t\t<\/div>\n\t\t<\/div>\n\t\t\t\t\t<\/div>\n\t\t<\/section>\n\t\t\t\t<section class=\"elementor-section elementor-top-section elementor-element elementor-element-4082600 elementor-section-boxed elementor-section-height-default elementor-section-height-default\" data-id=\"4082600\" data-element_type=\"section\" data-e-type=\"section\">\n\t\t\t\t\t\t<div class=\"elementor-container elementor-column-gap-default\">\n\t\t\t\t\t<div class=\"elementor-column elementor-col-100 elementor-top-column elementor-element elementor-element-3bc3d18\" data-id=\"3bc3d18\" data-element_type=\"column\" data-e-type=\"column\">\n\t\t\t<div class=\"elementor-widget-wrap elementor-element-populated\">\n\t\t\t\t\t\t<section class=\"elementor-section elementor-inner-section elementor-element elementor-element-e180d45 elementor-section-boxed elementor-section-height-default elementor-section-height-default\" data-id=\"e180d45\" data-element_type=\"section\" data-e-type=\"section\">\n\t\t\t\t\t\t<div class=\"elementor-container elementor-column-gap-default\">\n\t\t\t\t\t<div class=\"elementor-column elementor-col-50 elementor-inner-column elementor-element elementor-element-42f1579\" data-id=\"42f1579\" data-element_type=\"column\" data-e-type=\"column\">\n\t\t\t<div class=\"elementor-widget-wrap elementor-element-populated\">\n\t\t\t\t\t\t<div class=\"elementor-element elementor-element-1e059b5 elementor-widget elementor-widget-text-editor\" data-id=\"1e059b5\" data-element_type=\"widget\" data-e-type=\"widget\" data-widget_type=\"text-editor.default\">\n\t\t\t\t<div class=\"elementor-widget-container\">\n\t\t\t\t\t\t\t\t\t<p>Les ateliers ou soins ont lieu sur rendez vous \u00e0 Lindry \u00e0 proximit\u00e9 d&rsquo;Auxerre (d\u00e9partement 89).<\/p>\n<p>Je peux me d\u00e9placer \u00e0 votre domicile sur demande. Le prix du d\u00e9placement est en fonction de la distance. Pour les rendez vous \u00e0 domicile, veuillez me contacter afin que je vous propose des cr\u00e9neaux en fonction de vos disponibilit\u00e9s.<\/p>\n<p>N&rsquo;h\u00e9sitez pas \u00e0 me contacter pour plus de renseignements.<\/p>\t\t\t\t\t\t\t\t<\/div>\n\t\t\t\t<\/div>\n\t\t\t\t\t<\/div>\n\t\t<\/div>\n\t\t\t\t<div class=\"elementor-column elementor-col-50 elementor-inner-column elementor-element elementor-element-03c0956\" data-id=\"03c0956\" data-element_type=\"column\" data-e-type=\"column\">\n\t\t\t<div class=\"elementor-widget-wrap elementor-element-populated\">\n\t\t\t\t\t\t<div class=\"elementor-element elementor-element-46c5d1f elementor-widget elementor-widget-google_maps\" data-id=\"46c5d1f\" data-element_type=\"widget\" data-e-type=\"widget\" data-widget_type=\"google_maps.default\">\n\t\t\t\t<div class=\"elementor-widget-container\">\n\t\t\t\t\t\t\t<div class=\"elementor-custom-embed\">\n\t\t\t<iframe loading=\"lazy\"\n\t\t\t\t\tsrc=\"https:\/\/maps.google.com\/maps?q=Lindry&#038;t=m&#038;z=10&#038;output=embed&#038;iwloc=near\"\n\t\t\t\t\ttitle=\"Lindry\"\n\t\t\t\t\taria-label=\"Lindry\"\n\t\t\t><\/iframe>\n\t\t<\/div>\n\t\t\t\t\t\t<\/div>\n\t\t\t\t<\/div>\n\t\t\t\t\t<\/div>\n\t\t<\/div>\n\t\t\t\t\t<\/div>\n\t\t<\/section>\n\t\t\t\t\t<\/div>\n\t\t<\/div>\n\t\t\t\t\t<\/div>\n\t\t<\/section>\n\t\t\t\t<section class=\"elementor-section elementor-top-section elementor-element elementor-element-08483b1 elementor-section-boxed elementor-section-height-default elementor-section-height-default\" data-id=\"08483b1\" data-element_type=\"section\" data-e-type=\"section\">\n\t\t\t\t\t\t<div class=\"elementor-container elementor-column-gap-default\">\n\t\t\t\t\t<div class=\"elementor-column elementor-col-25 elementor-top-column elementor-element elementor-element-fa378c1\" data-id=\"fa378c1\" data-element_type=\"column\" data-e-type=\"column\">\n\t\t\t<div class=\"elementor-widget-wrap\">\n\t\t\t\t\t\t\t<\/div>\n\t\t<\/div>\n\t\t\t\t<div class=\"elementor-column elementor-col-50 elementor-top-column elementor-element elementor-element-8c37d1b\" data-id=\"8c37d1b\" data-element_type=\"column\" data-e-type=\"column\">\n\t\t\t<div class=\"elementor-widget-wrap elementor-element-populated\">\n\t\t\t\t\t\t<div class=\"elementor-element elementor-element-3e74520 elementor-widget elementor-widget-html\" data-id=\"3e74520\" data-element_type=\"widget\" data-e-type=\"widget\" data-widget_type=\"html.default\">\n\t\t\t\t<div class=\"elementor-widget-container\">\n\t\t\t\t\t<!-- D\u00e9but de widget en ligne Calendly -->\n<div class=\"calendly-inline-widget\" data-url=\"https:\/\/calendly.com\/sandrinetonnellier?hide_gdpr_banner=1\" style=\"min-width:320px;height:630px;\"><\/div>\n<script type=\"text\/javascript\" src=\"https:\/\/assets.calendly.com\/assets\/external\/widget.js\" async><\/script>\n<!-- Fin de widget en ligne Calendly -->\t\t\t\t<\/div>\n\t\t\t\t<\/div>\n\t\t\t\t\t<\/div>\n\t\t<\/div>\n\t\t\t\t<div class=\"elementor-column elementor-col-25 elementor-top-column elementor-element elementor-element-81e2372\" data-id=\"81e2372\" data-element_type=\"column\" data-e-type=\"column\">\n\t\t\t<div class=\"elementor-widget-wrap\">\n\t\t\t\t\t\t\t<\/div>\n\t\t<\/div>\n\t\t\t\t\t<\/div>\n\t\t<\/section>\n\t\t\t\t<section class=\"elementor-section elementor-top-section elementor-element elementor-element-60e384f elementor-section-boxed elementor-section-height-default elementor-section-height-default\" data-id=\"60e384f\" data-element_type=\"section\" data-e-type=\"section\">\n\t\t\t\t\t\t<div class=\"elementor-container elementor-column-gap-default\">\n\t\t\t\t\t<div class=\"elementor-column elementor-col-100 elementor-top-column elementor-element elementor-element-063bcad\" data-id=\"063bcad\" data-element_type=\"column\" data-e-type=\"column\">\n\t\t\t<div class=\"elementor-widget-wrap\">\n\t\t\t\t\t\t\t<\/div>\n\t\t<\/div>\n\t\t\t\t\t<\/div>\n\t\t<\/section>\n\t\t\t\t<\/div>\n\t\t","protected":false},"excerpt":{"rendered":"<p>Les ateliers ou soins ont lieu sur rendez vous \u00e0 Lindry \u00e0 proximit\u00e9 d&rsquo;Auxerre (d\u00e9partement 89). Je peux me d\u00e9placer \u00e0 votre domicile sur demande. Le prix du d\u00e9placement est en fonction de la distance. Pour les rendez vous \u00e0 domicile, veuillez me contacter afin que je vous propose des cr\u00e9neaux en fonction de vos disponibilit\u00e9s. N&rsquo;h\u00e9sitez pas \u00e0 me contacter pour plus de renseignements.<\/p>\n","protected":false},"author":1,"featured_media":0,"parent":0,"menu_order":0,"comment_status":"closed","ping_status":"closed","template":"","meta":{"footnotes":""},"class_list":["post-3848","page","type-page","status-publish","hentry"],"yoast_head":"<!-- This site is optimized with the Yoast SEO plugin v27.2 - https:\/\/yoast.com\/product\/yoast-seo-wordpress\/ -->\n<title>Prendre rdv Au coeur de ma nature<\/title>\n<meta name=\"robots\" content=\"index, follow, max-snippet:-1, max-image-preview:large, max-video-preview:-1\" \/>\n<link rel=\"canonical\" href=\"https:\/\/aucoeurdemanature.com\/?page_id=3848\" \/>\n<meta property=\"og:locale\" content=\"fr_FR\" \/>\n<meta property=\"og:type\" content=\"article\" \/>\n<meta property=\"og:title\" content=\"Prendre rdv Au coeur de ma nature\" \/>\n<meta property=\"og:description\" content=\"Les ateliers ou soins ont lieu sur rendez vous \u00e0 Lindry \u00e0 proximit\u00e9 d&rsquo;Auxerre (d\u00e9partement 89). Je peux me d\u00e9placer \u00e0 votre domicile sur demande. Le prix du d\u00e9placement est en fonction de la distance. Pour les rendez vous \u00e0 domicile, veuillez me contacter afin que je vous propose des cr\u00e9neaux en fonction de vos disponibilit\u00e9s. N&rsquo;h\u00e9sitez pas \u00e0 me contacter pour plus de renseignements.\" \/>\n<meta property=\"og:url\" content=\"https:\/\/aucoeurdemanature.com\/?page_id=3848\" \/>\n<meta property=\"og:site_name\" content=\"Au coeur de ma nature\" \/>\n<meta property=\"article:publisher\" content=\"https:\/\/www.facebook.com\/Aucoeurdemanature\" \/>\n<meta property=\"article:modified_time\" content=\"2024-02-12T08:59:01+00:00\" \/>\n<meta name=\"twitter:card\" content=\"summary_large_image\" \/>\n<meta name=\"twitter:label1\" content=\"Dur\u00e9e de lecture estim\u00e9e\" \/>\n\t<meta name=\"twitter:data1\" content=\"1 minute\" \/>\n<script type=\"application\/ld+json\" class=\"yoast-schema-graph\">{\"@context\":\"https:\/\/schema.org\",\"@graph\":[{\"@type\":\"WebPage\",\"@id\":\"https:\/\/aucoeurdemanature.com\/?page_id=3848\",\"url\":\"https:\/\/aucoeurdemanature.com\/?page_id=3848\",\"name\":\"Prendre rdv Au coeur de ma nature\",\"isPartOf\":{\"@id\":\"http:\/\/aucoeurdemanature.com\/#website\"},\"datePublished\":\"2023-04-23T15:43:40+00:00\",\"dateModified\":\"2024-02-12T08:59:01+00:00\",\"breadcrumb\":{\"@id\":\"https:\/\/aucoeurdemanature.com\/?page_id=3848#breadcrumb\"},\"inLanguage\":\"fr-FR\",\"potentialAction\":[{\"@type\":\"ReadAction\",\"target\":[\"https:\/\/aucoeurdemanature.com\/?page_id=3848\"]}]},{\"@type\":\"BreadcrumbList\",\"@id\":\"https:\/\/aucoeurdemanature.com\/?page_id=3848#breadcrumb\",\"itemListElement\":[{\"@type\":\"ListItem\",\"position\":1,\"name\":\"Accueil\",\"item\":\"http:\/\/aucoeurdemanature.com\/\"},{\"@type\":\"ListItem\",\"position\":2,\"name\":\"Prendre rdv\"}]},{\"@type\":\"WebSite\",\"@id\":\"http:\/\/aucoeurdemanature.com\/#website\",\"url\":\"http:\/\/aucoeurdemanature.com\/\",\"name\":\"Au coeur de ma nature\",\"description\":\"Au coeur de ma nature - Psychologue en p\u00e9rinatalit\u00e9, atelier parentalit\u00e9, et soins  - Yonne 89\",\"publisher\":{\"@id\":\"http:\/\/aucoeurdemanature.com\/#organization\"},\"potentialAction\":[{\"@type\":\"SearchAction\",\"target\":{\"@type\":\"EntryPoint\",\"urlTemplate\":\"http:\/\/aucoeurdemanature.com\/?s={search_term_string}\"},\"query-input\":{\"@type\":\"PropertyValueSpecification\",\"valueRequired\":true,\"valueName\":\"search_term_string\"}}],\"inLanguage\":\"fr-FR\"},{\"@type\":\"Organization\",\"@id\":\"http:\/\/aucoeurdemanature.com\/#organization\",\"name\":\"Au coeur de ma nature\",\"url\":\"http:\/\/aucoeurdemanature.com\/\",\"logo\":{\"@type\":\"ImageObject\",\"inLanguage\":\"fr-FR\",\"@id\":\"http:\/\/aucoeurdemanature.com\/#\/schema\/logo\/image\/\",\"url\":\"http:\/\/aucoeurdemanature.com\/wp-content\/uploads\/2019\/09\/Image-1-770x1024.jpg\",\"contentUrl\":\"http:\/\/aucoeurdemanature.com\/wp-content\/uploads\/2019\/09\/Image-1-770x1024.jpg\",\"width\":770,\"height\":1024,\"caption\":\"Au coeur de ma nature\"},\"image\":{\"@id\":\"http:\/\/aucoeurdemanature.com\/#\/schema\/logo\/image\/\"},\"sameAs\":[\"https:\/\/www.facebook.com\/Aucoeurdemanature\",\"https:\/\/www.instagram.com\/aucoeurdemanature\/?hl=fr\"]}]}<\/script>\n<!-- \/ Yoast SEO plugin. -->","yoast_head_json":{"title":"Prendre rdv Au coeur de ma nature","robots":{"index":"index","follow":"follow","max-snippet":"max-snippet:-1","max-image-preview":"max-image-preview:large","max-video-preview":"max-video-preview:-1"},"canonical":"https:\/\/aucoeurdemanature.com\/?page_id=3848","og_locale":"fr_FR","og_type":"article","og_title":"Prendre rdv Au coeur de ma nature","og_description":"Les ateliers ou soins ont lieu sur rendez vous \u00e0 Lindry \u00e0 proximit\u00e9 d&rsquo;Auxerre (d\u00e9partement 89). Je peux me d\u00e9placer \u00e0 votre domicile sur demande. Le prix du d\u00e9placement est en fonction de la distance. Pour les rendez vous \u00e0 domicile, veuillez me contacter afin que je vous propose des cr\u00e9neaux en fonction de vos disponibilit\u00e9s. N&rsquo;h\u00e9sitez pas \u00e0 me contacter pour plus de renseignements.","og_url":"https:\/\/aucoeurdemanature.com\/?page_id=3848","og_site_name":"Au coeur de ma nature","article_publisher":"https:\/\/www.facebook.com\/Aucoeurdemanature","article_modified_time":"2024-02-12T08:59:01+00:00","twitter_card":"summary_large_image","twitter_misc":{"Dur\u00e9e de lecture estim\u00e9e":"1 minute"},"schema":{"@context":"https:\/\/schema.org","@graph":[{"@type":"WebPage","@id":"https:\/\/aucoeurdemanature.com\/?page_id=3848","url":"https:\/\/aucoeurdemanature.com\/?page_id=3848","name":"Prendre rdv Au coeur de ma nature","isPartOf":{"@id":"http:\/\/aucoeurdemanature.com\/#website"},"datePublished":"2023-04-23T15:43:40+00:00","dateModified":"2024-02-12T08:59:01+00:00","breadcrumb":{"@id":"https:\/\/aucoeurdemanature.com\/?page_id=3848#breadcrumb"},"inLanguage":"fr-FR","potentialAction":[{"@type":"ReadAction","target":["https:\/\/aucoeurdemanature.com\/?page_id=3848"]}]},{"@type":"BreadcrumbList","@id":"https:\/\/aucoeurdemanature.com\/?page_id=3848#breadcrumb","itemListElement":[{"@type":"ListItem","position":1,"name":"Accueil","item":"http:\/\/aucoeurdemanature.com\/"},{"@type":"ListItem","position":2,"name":"Prendre rdv"}]},{"@type":"WebSite","@id":"http:\/\/aucoeurdemanature.com\/#website","url":"http:\/\/aucoeurdemanature.com\/","name":"Au coeur de ma nature","description":"Au coeur de ma nature - Psychologue en p\u00e9rinatalit\u00e9, atelier parentalit\u00e9, et soins  - Yonne 89","publisher":{"@id":"http:\/\/aucoeurdemanature.com\/#organization"},"potentialAction":[{"@type":"SearchAction","target":{"@type":"EntryPoint","urlTemplate":"http:\/\/aucoeurdemanature.com\/?s={search_term_string}"},"query-input":{"@type":"PropertyValueSpecification","valueRequired":true,"valueName":"search_term_string"}}],"inLanguage":"fr-FR"},{"@type":"Organization","@id":"http:\/\/aucoeurdemanature.com\/#organization","name":"Au coeur de ma nature","url":"http:\/\/aucoeurdemanature.com\/","logo":{"@type":"ImageObject","inLanguage":"fr-FR","@id":"http:\/\/aucoeurdemanature.com\/#\/schema\/logo\/image\/","url":"http:\/\/aucoeurdemanature.com\/wp-content\/uploads\/2019\/09\/Image-1-770x1024.jpg","contentUrl":"http:\/\/aucoeurdemanature.com\/wp-content\/uploads\/2019\/09\/Image-1-770x1024.jpg","width":770,"height":1024,"caption":"Au coeur de ma nature"},"image":{"@id":"http:\/\/aucoeurdemanature.com\/#\/schema\/logo\/image\/"},"sameAs":["https:\/\/www.facebook.com\/Aucoeurdemanature","https:\/\/www.instagram.com\/aucoeurdemanature\/?hl=fr"]}]}},"_links":{"self":[{"href":"https:\/\/aucoeurdemanature.com\/index.php?rest_route=\/wp\/v2\/pages\/3848","targetHints":{"allow":["GET"]}}],"collection":[{"href":"https:\/\/aucoeurdemanature.com\/index.php?rest_route=\/wp\/v2\/pages"}],"about":[{"href":"https:\/\/aucoeurdemanature.com\/index.php?rest_route=\/wp\/v2\/types\/page"}],"author":[{"embeddable":true,"href":"https:\/\/aucoeurdemanature.com\/index.php?rest_route=\/wp\/v2\/users\/1"}],"replies":[{"embeddable":true,"href":"https:\/\/aucoeurdemanature.com\/index.php?rest_route=%2Fwp%2Fv2%2Fcomments&post=3848"}],"version-history":[{"count":23,"href":"https:\/\/aucoeurdemanature.com\/index.php?rest_route=\/wp\/v2\/pages\/3848\/revisions"}],"predecessor-version":[{"id":4257,"href":"https:\/\/aucoeurdemanature.com\/index.php?rest_route=\/wp\/v2\/pages\/3848\/revisions\/4257"}],"wp:attachment":[{"href":"https:\/\/aucoeurdemanature.com\/index.php?rest_route=%2Fwp%2Fv2%2Fmedia&parent=3848"}],"curies":[{"name":"wp","href":"https:\/\/api.w.org\/{rel}","templated":true}]}}