{"id":3858,"date":"2023-04-23T17:47:25","date_gmt":"2023-04-23T15:47:25","guid":{"rendered":"http:\/\/aucoeurdemanature.com\/?page_id=3858"},"modified":"2023-04-23T20:44:12","modified_gmt":"2023-04-23T18:44:12","slug":"contact-prise-de-rdv","status":"publish","type":"page","link":"https:\/\/aucoeurdemanature.com\/?page_id=3858","title":{"rendered":"Contact &#8211; prise de rdv"},"content":{"rendered":"\t\t<div data-elementor-type=\"wp-page\" data-elementor-id=\"3858\" class=\"elementor elementor-3858\">\n\t\t\t\t\t\t<section class=\"elementor-section elementor-top-section elementor-element elementor-element-d398af4 elementor-section-boxed elementor-section-height-default elementor-section-height-default\" data-id=\"d398af4\" data-element_type=\"section\" data-e-type=\"section\">\n\t\t\t\t\t\t<div class=\"elementor-container elementor-column-gap-default\">\n\t\t\t\t\t<div class=\"elementor-column elementor-col-50 elementor-top-column elementor-element elementor-element-2893689\" data-id=\"2893689\" data-element_type=\"column\" data-e-type=\"column\">\n\t\t\t<div class=\"elementor-widget-wrap elementor-element-populated\">\n\t\t\t\t\t\t<div class=\"elementor-element elementor-element-1146528 elementor-widget elementor-widget-image\" data-id=\"1146528\" data-element_type=\"widget\" data-e-type=\"widget\" data-widget_type=\"image.default\">\n\t\t\t\t<div class=\"elementor-widget-container\">\n\t\t\t\t\t\t\t\t\t\t\t\t\t\t\t\t<a href=\"http:\/\/aucoeurdemanature.com\/?page_id=3848\">\n\t\t\t\t\t\t\t<img fetchpriority=\"high\" decoding=\"async\" width=\"960\" height=\"960\" src=\"http:\/\/aucoeurdemanature.com\/wp-content\/uploads\/2023\/04\/2-1024x1024.png\" class=\"attachment-large size-large wp-image-3893\" alt=\"\" srcset=\"http:\/\/aucoeurdemanature.com\/wp-content\/uploads\/2023\/04\/2-1024x1024.png 1024w, http:\/\/aucoeurdemanature.com\/wp-content\/uploads\/2023\/04\/2-300x300.png 300w, http:\/\/aucoeurdemanature.com\/wp-content\/uploads\/2023\/04\/2-150x150.png 150w, http:\/\/aucoeurdemanature.com\/wp-content\/uploads\/2023\/04\/2-768x768.png 768w, http:\/\/aucoeurdemanature.com\/wp-content\/uploads\/2023\/04\/2-75x75.png 75w, http:\/\/aucoeurdemanature.com\/wp-content\/uploads\/2023\/04\/2-600x600.png 600w, http:\/\/aucoeurdemanature.com\/wp-content\/uploads\/2023\/04\/2-100x100.png 100w, http:\/\/aucoeurdemanature.com\/wp-content\/uploads\/2023\/04\/2.png 1080w\" sizes=\"(max-width: 960px) 100vw, 960px\" \/>\t\t\t\t\t\t\t\t<\/a>\n\t\t\t\t\t\t\t\t\t\t\t\t\t\t\t<\/div>\n\t\t\t\t<\/div>\n\t\t\t\t\t<\/div>\n\t\t<\/div>\n\t\t\t\t<div class=\"elementor-column elementor-col-50 elementor-top-column elementor-element elementor-element-e5cf4b1\" data-id=\"e5cf4b1\" data-element_type=\"column\" data-e-type=\"column\">\n\t\t\t<div class=\"elementor-widget-wrap elementor-element-populated\">\n\t\t\t\t\t\t<div class=\"elementor-element elementor-element-318f4c4 elementor-widget elementor-widget-image\" data-id=\"318f4c4\" data-element_type=\"widget\" data-e-type=\"widget\" data-widget_type=\"image.default\">\n\t\t\t\t<div class=\"elementor-widget-container\">\n\t\t\t\t\t\t\t\t\t\t\t\t\t\t\t\t<a href=\"http:\/\/aucoeurdemanature.com\/?page_id=291\">\n\t\t\t\t\t\t\t<img decoding=\"async\" width=\"960\" height=\"960\" src=\"http:\/\/aucoeurdemanature.com\/wp-content\/uploads\/2023\/04\/3-1024x1024.png\" class=\"attachment-large size-large wp-image-3894\" alt=\"\" srcset=\"http:\/\/aucoeurdemanature.com\/wp-content\/uploads\/2023\/04\/3-1024x1024.png 1024w, http:\/\/aucoeurdemanature.com\/wp-content\/uploads\/2023\/04\/3-300x300.png 300w, http:\/\/aucoeurdemanature.com\/wp-content\/uploads\/2023\/04\/3-150x150.png 150w, http:\/\/aucoeurdemanature.com\/wp-content\/uploads\/2023\/04\/3-768x768.png 768w, http:\/\/aucoeurdemanature.com\/wp-content\/uploads\/2023\/04\/3-75x75.png 75w, http:\/\/aucoeurdemanature.com\/wp-content\/uploads\/2023\/04\/3-600x600.png 600w, http:\/\/aucoeurdemanature.com\/wp-content\/uploads\/2023\/04\/3-100x100.png 100w, http:\/\/aucoeurdemanature.com\/wp-content\/uploads\/2023\/04\/3.png 1080w\" sizes=\"(max-width: 960px) 100vw, 960px\" \/>\t\t\t\t\t\t\t\t<\/a>\n\t\t\t\t\t\t\t\t\t\t\t\t\t\t\t<\/div>\n\t\t\t\t<\/div>\n\t\t\t\t\t<\/div>\n\t\t<\/div>\n\t\t\t\t\t<\/div>\n\t\t<\/section>\n\t\t\t\t<\/div>\n\t\t","protected":false},"excerpt":{"rendered":"","protected":false},"author":1,"featured_media":0,"parent":0,"menu_order":0,"comment_status":"closed","ping_status":"closed","template":"","meta":{"footnotes":""},"class_list":["post-3858","page","type-page","status-publish","hentry"],"yoast_head":"<!-- This site is optimized with the Yoast SEO plugin v27.2 - https:\/\/yoast.com\/product\/yoast-seo-wordpress\/ -->\n<title>Contact - prise de rdv Au coeur de ma nature<\/title>\n<meta name=\"robots\" content=\"index, follow, max-snippet:-1, max-image-preview:large, max-video-preview:-1\" \/>\n<link rel=\"canonical\" href=\"https:\/\/aucoeurdemanature.com\/?page_id=3858\" \/>\n<meta property=\"og:locale\" content=\"fr_FR\" \/>\n<meta property=\"og:type\" content=\"article\" \/>\n<meta property=\"og:title\" content=\"Contact - prise de rdv Au coeur de ma nature\" \/>\n<meta property=\"og:url\" content=\"https:\/\/aucoeurdemanature.com\/?page_id=3858\" \/>\n<meta property=\"og:site_name\" content=\"Au coeur de ma nature\" \/>\n<meta property=\"article:publisher\" content=\"https:\/\/www.facebook.com\/Aucoeurdemanature\" \/>\n<meta property=\"article:modified_time\" content=\"2023-04-23T18:44:12+00:00\" \/>\n<meta property=\"og:image\" content=\"http:\/\/aucoeurdemanature.com\/wp-content\/uploads\/2023\/04\/2-1024x1024.png\" \/>\n<meta name=\"twitter:card\" content=\"summary_large_image\" \/>\n<meta name=\"twitter:label1\" content=\"Dur\u00e9e de lecture estim\u00e9e\" \/>\n\t<meta name=\"twitter:data1\" content=\"1 minute\" \/>\n<script type=\"application\/ld+json\" class=\"yoast-schema-graph\">{\"@context\":\"https:\/\/schema.org\",\"@graph\":[{\"@type\":\"WebPage\",\"@id\":\"https:\/\/aucoeurdemanature.com\/?page_id=3858\",\"url\":\"https:\/\/aucoeurdemanature.com\/?page_id=3858\",\"name\":\"Contact - prise de rdv Au coeur de ma nature\",\"isPartOf\":{\"@id\":\"http:\/\/aucoeurdemanature.com\/#website\"},\"primaryImageOfPage\":{\"@id\":\"https:\/\/aucoeurdemanature.com\/?page_id=3858#primaryimage\"},\"image\":{\"@id\":\"https:\/\/aucoeurdemanature.com\/?page_id=3858#primaryimage\"},\"thumbnailUrl\":\"http:\/\/aucoeurdemanature.com\/wp-content\/uploads\/2023\/04\/2-1024x1024.png\",\"datePublished\":\"2023-04-23T15:47:25+00:00\",\"dateModified\":\"2023-04-23T18:44:12+00:00\",\"breadcrumb\":{\"@id\":\"https:\/\/aucoeurdemanature.com\/?page_id=3858#breadcrumb\"},\"inLanguage\":\"fr-FR\",\"potentialAction\":[{\"@type\":\"ReadAction\",\"target\":[\"https:\/\/aucoeurdemanature.com\/?page_id=3858\"]}]},{\"@type\":\"ImageObject\",\"inLanguage\":\"fr-FR\",\"@id\":\"https:\/\/aucoeurdemanature.com\/?page_id=3858#primaryimage\",\"url\":\"https:\/\/aucoeurdemanature.com\/wp-content\/uploads\/2023\/04\/2.png\",\"contentUrl\":\"https:\/\/aucoeurdemanature.com\/wp-content\/uploads\/2023\/04\/2.png\",\"width\":1080,\"height\":1080},{\"@type\":\"BreadcrumbList\",\"@id\":\"https:\/\/aucoeurdemanature.com\/?page_id=3858#breadcrumb\",\"itemListElement\":[{\"@type\":\"ListItem\",\"position\":1,\"name\":\"Accueil\",\"item\":\"http:\/\/aucoeurdemanature.com\/\"},{\"@type\":\"ListItem\",\"position\":2,\"name\":\"Contact &#8211; prise de rdv\"}]},{\"@type\":\"WebSite\",\"@id\":\"http:\/\/aucoeurdemanature.com\/#website\",\"url\":\"http:\/\/aucoeurdemanature.com\/\",\"name\":\"Au coeur de ma nature\",\"description\":\"Au coeur de ma nature - Psychologue en p\u00e9rinatalit\u00e9, atelier parentalit\u00e9, et soins  - Yonne 89\",\"publisher\":{\"@id\":\"http:\/\/aucoeurdemanature.com\/#organization\"},\"potentialAction\":[{\"@type\":\"SearchAction\",\"target\":{\"@type\":\"EntryPoint\",\"urlTemplate\":\"http:\/\/aucoeurdemanature.com\/?s={search_term_string}\"},\"query-input\":{\"@type\":\"PropertyValueSpecification\",\"valueRequired\":true,\"valueName\":\"search_term_string\"}}],\"inLanguage\":\"fr-FR\"},{\"@type\":\"Organization\",\"@id\":\"http:\/\/aucoeurdemanature.com\/#organization\",\"name\":\"Au coeur de ma nature\",\"url\":\"http:\/\/aucoeurdemanature.com\/\",\"logo\":{\"@type\":\"ImageObject\",\"inLanguage\":\"fr-FR\",\"@id\":\"http:\/\/aucoeurdemanature.com\/#\/schema\/logo\/image\/\",\"url\":\"http:\/\/aucoeurdemanature.com\/wp-content\/uploads\/2019\/09\/Image-1-770x1024.jpg\",\"contentUrl\":\"http:\/\/aucoeurdemanature.com\/wp-content\/uploads\/2019\/09\/Image-1-770x1024.jpg\",\"width\":770,\"height\":1024,\"caption\":\"Au coeur de ma nature\"},\"image\":{\"@id\":\"http:\/\/aucoeurdemanature.com\/#\/schema\/logo\/image\/\"},\"sameAs\":[\"https:\/\/www.facebook.com\/Aucoeurdemanature\",\"https:\/\/www.instagram.com\/aucoeurdemanature\/?hl=fr\"]}]}<\/script>\n<!-- \/ Yoast SEO plugin. -->","yoast_head_json":{"title":"Contact - prise de rdv Au coeur de ma nature","robots":{"index":"index","follow":"follow","max-snippet":"max-snippet:-1","max-image-preview":"max-image-preview:large","max-video-preview":"max-video-preview:-1"},"canonical":"https:\/\/aucoeurdemanature.com\/?page_id=3858","og_locale":"fr_FR","og_type":"article","og_title":"Contact - prise de rdv Au coeur de ma nature","og_url":"https:\/\/aucoeurdemanature.com\/?page_id=3858","og_site_name":"Au coeur de ma nature","article_publisher":"https:\/\/www.facebook.com\/Aucoeurdemanature","article_modified_time":"2023-04-23T18:44:12+00:00","og_image":[{"url":"http:\/\/aucoeurdemanature.com\/wp-content\/uploads\/2023\/04\/2-1024x1024.png","type":"","width":"","height":""}],"twitter_card":"summary_large_image","twitter_misc":{"Dur\u00e9e de lecture estim\u00e9e":"1 minute"},"schema":{"@context":"https:\/\/schema.org","@graph":[{"@type":"WebPage","@id":"https:\/\/aucoeurdemanature.com\/?page_id=3858","url":"https:\/\/aucoeurdemanature.com\/?page_id=3858","name":"Contact - prise de rdv Au coeur de ma nature","isPartOf":{"@id":"http:\/\/aucoeurdemanature.com\/#website"},"primaryImageOfPage":{"@id":"https:\/\/aucoeurdemanature.com\/?page_id=3858#primaryimage"},"image":{"@id":"https:\/\/aucoeurdemanature.com\/?page_id=3858#primaryimage"},"thumbnailUrl":"http:\/\/aucoeurdemanature.com\/wp-content\/uploads\/2023\/04\/2-1024x1024.png","datePublished":"2023-04-23T15:47:25+00:00","dateModified":"2023-04-23T18:44:12+00:00","breadcrumb":{"@id":"https:\/\/aucoeurdemanature.com\/?page_id=3858#breadcrumb"},"inLanguage":"fr-FR","potentialAction":[{"@type":"ReadAction","target":["https:\/\/aucoeurdemanature.com\/?page_id=3858"]}]},{"@type":"ImageObject","inLanguage":"fr-FR","@id":"https:\/\/aucoeurdemanature.com\/?page_id=3858#primaryimage","url":"https:\/\/aucoeurdemanature.com\/wp-content\/uploads\/2023\/04\/2.png","contentUrl":"https:\/\/aucoeurdemanature.com\/wp-content\/uploads\/2023\/04\/2.png","width":1080,"height":1080},{"@type":"BreadcrumbList","@id":"https:\/\/aucoeurdemanature.com\/?page_id=3858#breadcrumb","itemListElement":[{"@type":"ListItem","position":1,"name":"Accueil","item":"http:\/\/aucoeurdemanature.com\/"},{"@type":"ListItem","position":2,"name":"Contact &#8211; prise de rdv"}]},{"@type":"WebSite","@id":"http:\/\/aucoeurdemanature.com\/#website","url":"http:\/\/aucoeurdemanature.com\/","name":"Au coeur de ma nature","description":"Au coeur de ma nature - Psychologue en p\u00e9rinatalit\u00e9, atelier parentalit\u00e9, et soins  - Yonne 89","publisher":{"@id":"http:\/\/aucoeurdemanature.com\/#organization"},"potentialAction":[{"@type":"SearchAction","target":{"@type":"EntryPoint","urlTemplate":"http:\/\/aucoeurdemanature.com\/?s={search_term_string}"},"query-input":{"@type":"PropertyValueSpecification","valueRequired":true,"valueName":"search_term_string"}}],"inLanguage":"fr-FR"},{"@type":"Organization","@id":"http:\/\/aucoeurdemanature.com\/#organization","name":"Au coeur de ma nature","url":"http:\/\/aucoeurdemanature.com\/","logo":{"@type":"ImageObject","inLanguage":"fr-FR","@id":"http:\/\/aucoeurdemanature.com\/#\/schema\/logo\/image\/","url":"http:\/\/aucoeurdemanature.com\/wp-content\/uploads\/2019\/09\/Image-1-770x1024.jpg","contentUrl":"http:\/\/aucoeurdemanature.com\/wp-content\/uploads\/2019\/09\/Image-1-770x1024.jpg","width":770,"height":1024,"caption":"Au coeur de ma nature"},"image":{"@id":"http:\/\/aucoeurdemanature.com\/#\/schema\/logo\/image\/"},"sameAs":["https:\/\/www.facebook.com\/Aucoeurdemanature","https:\/\/www.instagram.com\/aucoeurdemanature\/?hl=fr"]}]}},"_links":{"self":[{"href":"https:\/\/aucoeurdemanature.com\/index.php?rest_route=\/wp\/v2\/pages\/3858","targetHints":{"allow":["GET"]}}],"collection":[{"href":"https:\/\/aucoeurdemanature.com\/index.php?rest_route=\/wp\/v2\/pages"}],"about":[{"href":"https:\/\/aucoeurdemanature.com\/index.php?rest_route=\/wp\/v2\/types\/page"}],"author":[{"embeddable":true,"href":"https:\/\/aucoeurdemanature.com\/index.php?rest_route=\/wp\/v2\/users\/1"}],"replies":[{"embeddable":true,"href":"https:\/\/aucoeurdemanature.com\/index.php?rest_route=%2Fwp%2Fv2%2Fcomments&post=3858"}],"version-history":[{"count":14,"href":"https:\/\/aucoeurdemanature.com\/index.php?rest_route=\/wp\/v2\/pages\/3858\/revisions"}],"predecessor-version":[{"id":3903,"href":"https:\/\/aucoeurdemanature.com\/index.php?rest_route=\/wp\/v2\/pages\/3858\/revisions\/3903"}],"wp:attachment":[{"href":"https:\/\/aucoeurdemanature.com\/index.php?rest_route=%2Fwp%2Fv2%2Fmedia&parent=3858"}],"curies":[{"name":"wp","href":"https:\/\/api.w.org\/{rel}","templated":true}]}}